{"id":17,"date":"2023-09-18T09:06:03","date_gmt":"2023-09-18T09:06:03","guid":{"rendered":"http:\/\/casatomada.es\/talleres\/?page_id=17"},"modified":"2024-09-14T14:40:09","modified_gmt":"2024-09-14T14:40:09","slug":"talleres-online","status":"publish","type":"page","link":"http:\/\/casatomada.es\/talleres\/talleres-online\/","title":{"rendered":"Talleres online"},"content":{"rendered":"\n<p>Algunos de nuestros cursos pueden seguirse online por medio de teleconferencias en un horario fijo de car\u00e1cter semanal, con la misma metodolog\u00eda y los mismos contenidos que los talleres presenciales. <\/p>\n\n\n\n<p>Aqu\u00ed mostraremos los talleres que cuentan actualmente con alg\u00fan grupo en modalidad online, en funci\u00f3n de la demanda de cada curso.<\/p>\n\n\n\n<div style=\"height:20px\" aria-hidden=\"true\" class=\"wp-block-spacer\"><\/div>\n\n\n\n\t\t\t<div class=\"wp-block-uagb-post-grid uagb-post-grid  uagb-post__image-position-top uagb-post__image-enabled uagb-block-761ba118     uagb-post__items uagb-post__columns-3 is-grid uagb-post__columns-tablet-2 uagb-post__columns-mobile-1 uagb-post__equal-height\" data-total=\"1\" style=\"\">\n\n\t\t\t\t\t\t\t\t\t\t\t\t<article class=\"uagb-post__inner-wrap\">\t\t\t\t\t\t\t\t<div class='uagb-post__image'>\n\t\t\t\t\t\t\t\t\t<a href=\"http:\/\/casatomada.es\/talleres\/iniciacion-a-la-escritura-creativa\/\" target=\"_self\" rel=\"bookmark noopener noreferrer\" class='uagb-image-ratio-inherit'><img loading=\"lazy\" decoding=\"async\" width=\"300\" height=\"300\" src=\"http:\/\/casatomada.es\/talleres\/wp-content\/uploads\/2023\/09\/EC-300x300.png\" class=\"attachment-medium size-medium\" alt=\"\" srcset=\"http:\/\/casatomada.es\/talleres\/wp-content\/uploads\/2023\/09\/EC-300x300.png 300w, http:\/\/casatomada.es\/talleres\/wp-content\/uploads\/2023\/09\/EC-150x150.png 150w, http:\/\/casatomada.es\/talleres\/wp-content\/uploads\/2023\/09\/EC.png 500w\" sizes=\"auto, (max-width: 300px) 100vw, 300px\" \/>\t\t\t\t\t<\/a>\n\t\t\t\t\t\t\t<\/div>\n\t\t\t\t\t\t<div class='uagb-post__text uagb-post-grid-byline'>\n\t\t\t\t\t\t\t<\/div>\n\t\t\t\n\t\t\t\t\t\t\t\t\t<\/article>\n\t\t\t\t\t\t\t\t\t\t\t\t\t\t\t\t<article class=\"uagb-post__inner-wrap\">\t\t\t\t\t\t\t\t<div class='uagb-post__image'>\n\t\t\t\t\t\t\t\t\t<a href=\"http:\/\/casatomada.es\/talleres\/escritura-creativa-avanzada\/\" target=\"_self\" rel=\"bookmark noopener noreferrer\" class='uagb-image-ratio-inherit'><img loading=\"lazy\" decoding=\"async\" width=\"300\" height=\"300\" src=\"http:\/\/casatomada.es\/talleres\/wp-content\/uploads\/2023\/09\/EC-AVANZADA-300x300.png\" class=\"attachment-medium size-medium\" alt=\"\" srcset=\"http:\/\/casatomada.es\/talleres\/wp-content\/uploads\/2023\/09\/EC-AVANZADA-300x300.png 300w, http:\/\/casatomada.es\/talleres\/wp-content\/uploads\/2023\/09\/EC-AVANZADA-150x150.png 150w, http:\/\/casatomada.es\/talleres\/wp-content\/uploads\/2023\/09\/EC-AVANZADA.png 500w\" sizes=\"auto, (max-width: 300px) 100vw, 300px\" \/>\t\t\t\t\t<\/a>\n\t\t\t\t\t\t\t<\/div>\n\t\t\t\t\t\t<div class='uagb-post__text uagb-post-grid-byline'>\n\t\t\t\t\t\t\t<\/div>\n\t\t\t\n\t\t\t\t\t\t\t\t\t<\/article>\n\t\t\t\t\t\t\t\t\t\t\t\t\t\t\t\t<article class=\"uagb-post__inner-wrap\">\t\t\t\t\t\t\t\t<div class='uagb-post__image'>\n\t\t\t\t\t\t\t\t\t<a href=\"http:\/\/casatomada.es\/talleres\/taller-de-novela\/\" target=\"_self\" rel=\"bookmark noopener noreferrer\" class='uagb-image-ratio-inherit'><img loading=\"lazy\" decoding=\"async\" width=\"300\" height=\"300\" src=\"http:\/\/casatomada.es\/talleres\/wp-content\/uploads\/2023\/09\/NOVELA-300x300.png\" class=\"attachment-medium size-medium\" alt=\"\" srcset=\"http:\/\/casatomada.es\/talleres\/wp-content\/uploads\/2023\/09\/NOVELA-300x300.png 300w, http:\/\/casatomada.es\/talleres\/wp-content\/uploads\/2023\/09\/NOVELA-150x150.png 150w, http:\/\/casatomada.es\/talleres\/wp-content\/uploads\/2023\/09\/NOVELA.png 500w\" sizes=\"auto, (max-width: 300px) 100vw, 300px\" \/>\t\t\t\t\t<\/a>\n\t\t\t\t\t\t\t<\/div>\n\t\t\t\t\t\t<div class='uagb-post__text uagb-post-grid-byline'>\n\t\t\t\t\t\t\t<\/div>\n\t\t\t\n\t\t\t\t\t\t\t\t\t<\/article>\n\t\t\t\t\t\t\t\t\t\t\t\t\t\t\t\t<article class=\"uagb-post__inner-wrap\">\t\t\t\t\t\t\t\t<div class='uagb-post__image'>\n\t\t\t\t\t\t\t\t\t<a href=\"http:\/\/casatomada.es\/talleres\/taller-de-introduccion-a-la-escritura-poetica\/\" target=\"_self\" rel=\"bookmark noopener noreferrer\" class='uagb-image-ratio-inherit'><img loading=\"lazy\" decoding=\"async\" width=\"300\" height=\"300\" src=\"http:\/\/casatomada.es\/talleres\/wp-content\/uploads\/2023\/09\/ESCRITURA-POETICA-300x300.png\" class=\"attachment-medium size-medium\" alt=\"\" srcset=\"http:\/\/casatomada.es\/talleres\/wp-content\/uploads\/2023\/09\/ESCRITURA-POETICA-300x300.png 300w, http:\/\/casatomada.es\/talleres\/wp-content\/uploads\/2023\/09\/ESCRITURA-POETICA-150x150.png 150w, http:\/\/casatomada.es\/talleres\/wp-content\/uploads\/2023\/09\/ESCRITURA-POETICA.png 500w\" sizes=\"auto, (max-width: 300px) 100vw, 300px\" \/>\t\t\t\t\t<\/a>\n\t\t\t\t\t\t\t<\/div>\n\t\t\t\t\t\t<div class='uagb-post__text uagb-post-grid-byline'>\n\t\t\t\t\t\t\t<\/div>\n\t\t\t\n\t\t\t\t\t\t\t\t\t<\/article>\n\t\t\t\t\t\t\t\t\t\t\t<\/div>\n\t\t\t","protected":false},"excerpt":{"rendered":"<p>Algunos de nuestros cursos pueden seguirse online por medio de teleconferencias en un horario fijo de car\u00e1cter semanal, con la misma metodolog\u00eda y los mismos contenidos que los talleres presenciales. Aqu\u00ed mostraremos los talleres que cuentan actualmente con alg\u00fan grupo en modalidad online, en funci\u00f3n de la demanda de cada curso.<\/p>\n","protected":false},"author":1,"featured_media":0,"parent":0,"menu_order":4,"comment_status":"closed","ping_status":"closed","template":"","meta":{"_uag_custom_page_level_css":"","footnotes":""},"class_list":["post-17","page","type-page","status-publish","hentry"],"uagb_featured_image_src":{"full":false,"thumbnail":false,"medium":false,"medium_large":false,"large":false,"1536x1536":false,"2048x2048":false},"uagb_author_info":{"display_name":"admin","author_link":"http:\/\/casatomada.es\/talleres\/author\/admin\/"},"uagb_comment_info":0,"uagb_excerpt":"Algunos de nuestros cursos pueden seguirse online por medio de teleconferencias en un horario fijo de car\u00e1cter semanal, con la misma metodolog\u00eda y los mismos contenidos que los talleres presenciales. Aqu\u00ed mostraremos los talleres que cuentan actualmente con alg\u00fan grupo en modalidad online, en funci\u00f3n de la demanda de cada curso.","_links":{"self":[{"href":"http:\/\/casatomada.es\/talleres\/wp-json\/wp\/v2\/pages\/17","targetHints":{"allow":["GET"]}}],"collection":[{"href":"http:\/\/casatomada.es\/talleres\/wp-json\/wp\/v2\/pages"}],"about":[{"href":"http:\/\/casatomada.es\/talleres\/wp-json\/wp\/v2\/types\/page"}],"author":[{"embeddable":true,"href":"http:\/\/casatomada.es\/talleres\/wp-json\/wp\/v2\/users\/1"}],"replies":[{"embeddable":true,"href":"http:\/\/casatomada.es\/talleres\/wp-json\/wp\/v2\/comments?post=17"}],"version-history":[{"count":9,"href":"http:\/\/casatomada.es\/talleres\/wp-json\/wp\/v2\/pages\/17\/revisions"}],"predecessor-version":[{"id":879,"href":"http:\/\/casatomada.es\/talleres\/wp-json\/wp\/v2\/pages\/17\/revisions\/879"}],"wp:attachment":[{"href":"http:\/\/casatomada.es\/talleres\/wp-json\/wp\/v2\/media?parent=17"}],"curies":[{"name":"wp","href":"https:\/\/api.w.org\/{rel}","templated":true}]}}