{"id":21,"date":"2023-09-18T09:06:33","date_gmt":"2023-09-18T09:06:33","guid":{"rendered":"http:\/\/casatomada.es\/talleres\/?page_id=21"},"modified":"2024-04-12T08:58:37","modified_gmt":"2024-04-12T08:58:37","slug":"servicios-editoriales","status":"publish","type":"page","link":"http:\/\/casatomada.es\/talleres\/servicios-editoriales\/","title":{"rendered":"Servicios editoriales"},"content":{"rendered":"\n<div class=\"wp-block-uagb-tabs uagb-block-ba4de1b8 uagb-tabs__wrap uagb-tabs__hstyle1-desktop uagb-tabs__vstyle6-tablet uagb-tabs__stack1-mobile\" data-tab-active=\"0\"><ul class=\"uagb-tabs__panel uagb-tabs__align-left\" role=\"tablist\"><li class=\"uagb-tab uagb-tabs__active\" role=\"none\"><a href=\"#uagb-tabs__tab0\" class=\"uagb-tabs-list uagb-tabs__icon-position-left\" data-tab=\"0\" role=\"tab\"><div><strong>Presentaci\u00f3n<\/strong><\/div><\/a><\/li><li class=\"uagb-tab \" role=\"none\"><a href=\"#uagb-tabs__tab1\" class=\"uagb-tabs-list uagb-tabs__icon-position-left\" data-tab=\"1\" role=\"tab\"><div><strong>Correcci\u00f3n de textos<\/strong><\/div><\/a><\/li><li class=\"uagb-tab \" role=\"none\"><a href=\"#uagb-tabs__tab2\" class=\"uagb-tabs-list uagb-tabs__icon-position-left\" data-tab=\"2\" role=\"tab\"><div><strong>Informes de lectura<\/strong><\/div><\/a><\/li><li class=\"uagb-tab \" role=\"none\"><a href=\"#uagb-tabs__tab3\" class=\"uagb-tabs-list uagb-tabs__icon-position-left\" data-tab=\"3\" role=\"tab\"><div><strong>Maquetaci\u00f3n y dise\u00f1o<\/strong><\/div><\/a><\/li><\/ul><div class=\"uagb-tabs__body-wrap\">\n<div class=\"wp-block-uagb-tabs-child uagb-tabs__body-container uagb-inner-tab-0\" aria-labelledby=\"uagb-tabs__tab0\">\n<p>Desde Casa Tomada ofrecemos un abanico de servicios editoriales pensado para cualquier persona u organizaci\u00f3n que necesite difundir un texto por cualquier medio impreso o digital. Si quieres mandar un texto terminado a una editorial, un texto a un concurso literario, o publicar un trabajo acad\u00e9mico o una gu\u00eda did\u00e1ctica en una web, querr\u00e1s asegurarte de que el texto est\u00e9 lo m\u00e1s pulido posible.<\/p>\n\n\n\n<p>Entendemos tambi\u00e9n que la difusi\u00f3n por medios propios y la autopublicaci\u00f3n pueden ser la opci\u00f3n m\u00e1s adecuada para algunos manuscritos, por lo que si te est\u00e1s planteando publicar un libro por tu cuenta, podemos ayudarte en las distintas etapas del proceso. <\/p>\n\n\n\n<p>Ten presente, sin embargo, que Casa Tomada no es una editorial, y por tanto no ofrecemos servicios espec\u00edficos de publicaci\u00f3n de libros. La gran mayor\u00eda de los libros de nuestros alumnos y alumnas que han llegado a publicarse, lo han hecho de la mano de editoriales tradicionales, gracias al trabajo y el compromiso de sus autores y, por supuesto, a la calidad de los textos. En esos casos, dichas editoriales se encargan de todo el proceso de edici\u00f3n del libro una vez que les entregas tu manuscrito y deciden incorporarlo a su cat\u00e1logo. <\/p>\n\n\n\n<p>Sea como sea, si tienes un texto terminado y quieres difundirlo, nos comprometemos a asesorarte de la forma m\u00e1s honesta posible, ofreci\u00e9ndote el servicio que mejor se adapte a las necesidades y a la salida que quieras darle.<\/p>\n<\/div>\n\n\n\n<div class=\"wp-block-uagb-tabs-child uagb-tabs__body-container uagb-inner-tab-1\" aria-labelledby=\"uagb-tabs__tab1\">\n<p>\u00bfTienes un manuscrito terminado y necesitas una correcci\u00f3n ortotipogr\u00e1fica o de estilo? Tanto si se trata de&nbsp;un manuscrito literario, de un trabajo acad\u00e9mico o de cualquier otro tipo de texto que necesites publicar o difundir, conviene que te asegures de que el texto no presenta errores ni descuidos formales que puedan causar una mala impresi\u00f3n. Ya sea para enviarlo a editoriales para su valoraci\u00f3n, a concursos literarios, para compartirlo en un contexto profesional o acad\u00e9mico, o para publicarlo por tu cuenta en papel o en formato digital.<\/p>\n\n\n\n<p>Desde Casa Tomada ponemos a tu disposici\u00f3n nuestro servicio de correcci\u00f3n de textos, que incluye revisiones ortotipogr\u00e1ficas (ortograf\u00eda, puntuaci\u00f3n y todo tipo de erratas involuntarias al escribir) y tambi\u00e9n, si el texto lo requiere, correcciones de estilo (revisi\u00f3n del lenguaje empleado, de las expresiones, unificaci\u00f3n del registro ling\u00fc\u00edstico, eliminaci\u00f3n de repeticiones innecesarias y de posibles cacofon\u00edas, y un an\u00e1lisis de la coherencia de las ideas expresadas).<\/p>\n\n\n\n<p>Llevamos m\u00e1s de diez a\u00f1os ofreciendo estos servicios a particulares y tambi\u00e9n a editoriales. Hemos realizado correcciones de novelas (algunas de ellas para hablantes cuya lengua materna no era el castellano), poemarios, de traducciones de libros y juegos de mesa y de rol, de contenido para webs, de trabajos acad\u00e9micos y de medio centenar de \u00e1lbumes ilustrados infantiles y para adultos.<\/p>\n\n\n\n<p>Puedes solicitar directamente el servicio que creas oportuno, o bien enviarnos un par de p\u00e1ginas de tu manuscrito para que seamos nosotros quienes valoremos las necesidades de correcci\u00f3n que presenta. El coste variar\u00e1 en funci\u00f3n de la extensi\u00f3n del texto y de la profundidad de la revisi\u00f3n que se vaya a realizar, por lo que te enviaremos un presupuesto personalizado sin compromiso.\u00a0Escr\u00edbenos a info@casatomada.es, o contacta con nosotros en el tel\u00e9fono 955 517 057.<\/p>\n<\/div>\n\n\n\n<div class=\"wp-block-uagb-tabs-child uagb-tabs__body-container uagb-inner-tab-2\" aria-labelledby=\"uagb-tabs__tab2\">\n<p>A menudo tenemos una obra terminada -una novela, una colecci\u00f3n de relatos, un texto de corte ensay\u00edstico o autobiogr\u00e1fico- y necesitamos una evaluaci\u00f3n externa que nos ayude a saber si podr\u00eda mejorar, si habr\u00eda cosas que cambiar, si es coherente, si es interesante, o incluso qu\u00e9 opciones tiene de ser publicada.<\/p>\n\n\n\n<p>Un informe de lectura es un documento elaborado por un lector o una lectora profesionales que, adem\u00e1s de contar con un gran bagaje literario y poseer una gran sensibilidad,&nbsp;est\u00e1n acostumbrados a trabajar con textos y son buenos conocedores de la actualidad editorial.&nbsp;Nuestros informes incluyen:<\/p>\n\n\n\n<ul class=\"wp-block-list\">\n<li>Valoraci\u00f3n de la trama y desarrollo del argumento.<\/li>\n\n\n\n<li>Valoraci\u00f3n del estilo literario.<\/li>\n\n\n\n<li>Evaluaci\u00f3n de los personajes, di\u00e1logos, descripciones, etc.<\/li>\n\n\n\n<li>An\u00e1lisis general de su inter\u00e9s literario. Puntos fuertes y puntos d\u00e9biles.<\/li>\n\n\n\n<li>An\u00e1lisis de su inter\u00e9s comercial y de las editoriales que podr\u00edan ser m\u00e1s afines al texto.<\/li>\n\n\n\n<li>Valoraci\u00f3n de necesidades de reescritura o correcci\u00f3n.<\/li>\n<\/ul>\n\n\n\n<p>Una vez enviado el informe, el servicio incluye una tutor\u00eda por videoconferencia o en persona en nuestra librer\u00eda (seg\u00fan disponibilidad) con el profesor o profesora que ha hecho la evaluaci\u00f3n, para comentar cualquier duda relacionada con las valoraciones realizadas.<\/p>\n\n\n\n<p>Si quieres contratar un informe de lectura, env\u00edanos cuatro o cinco p\u00e1ginas de muestra (con tipo de letra 12 y un interlineado de espacio y medio), indicando la extensi\u00f3n total del manuscrito y un breve texto donde nos indiques el tipo de revisi\u00f3n que buscas y el objetivo. Te enviaremos un presupuesto sin compromiso. Para ello, escr\u00edbenos a info@casatomada.es, o contacta con nosotros en el tel\u00e9fono 955 517 057.<\/p>\n<\/div>\n\n\n\n<div class=\"wp-block-uagb-tabs-child uagb-tabs__body-container uagb-inner-tab-3\" aria-labelledby=\"uagb-tabs__tab3\">\n<p>Adem\u00e1s de pulir todos los aspectos formales de un texto mediante las correcciones que necesite, podemos ayudarte en las tareas de maquetaci\u00f3n y dise\u00f1o de un manuscrito para su publicaci\u00f3n en papel o en formato digital. Es un servicio que hemos prestado no solo para textos literarios, sino para dotar de un aspecto visual y ameno a gu\u00edas did\u00e1cticas o manuales.<\/p>\n\n\n\n<p><\/p>\n\n\n\n<p>Si buscas un servicio profesional de maquetaci\u00f3n, dise\u00f1o, retoque fotogr\u00e1fico o ilustraci\u00f3n, haznos llegar una muestra de tu manuscrito, cu\u00e9ntanos qu\u00e9 necesitas, y dinos d\u00f3nde planeas difundirlo, y te ofreceremos la soluci\u00f3n m\u00e1s adecuada a tus necesidades.<\/p>\n<\/div>\n<\/div><\/div>\n","protected":false},"excerpt":{"rendered":"","protected":false},"author":1,"featured_media":0,"parent":0,"menu_order":6,"comment_status":"closed","ping_status":"closed","template":"","meta":{"_uag_custom_page_level_css":"","footnotes":""},"class_list":["post-21","page","type-page","status-publish","hentry"],"uagb_featured_image_src":{"full":false,"thumbnail":false,"medium":false,"medium_large":false,"large":false,"1536x1536":false,"2048x2048":false},"uagb_author_info":{"display_name":"admin","author_link":"http:\/\/casatomada.es\/talleres\/author\/admin\/"},"uagb_comment_info":0,"uagb_excerpt":null,"_links":{"self":[{"href":"http:\/\/casatomada.es\/talleres\/wp-json\/wp\/v2\/pages\/21","targetHints":{"allow":["GET"]}}],"collection":[{"href":"http:\/\/casatomada.es\/talleres\/wp-json\/wp\/v2\/pages"}],"about":[{"href":"http:\/\/casatomada.es\/talleres\/wp-json\/wp\/v2\/types\/page"}],"author":[{"embeddable":true,"href":"http:\/\/casatomada.es\/talleres\/wp-json\/wp\/v2\/users\/1"}],"replies":[{"embeddable":true,"href":"http:\/\/casatomada.es\/talleres\/wp-json\/wp\/v2\/comments?post=21"}],"version-history":[{"count":5,"href":"http:\/\/casatomada.es\/talleres\/wp-json\/wp\/v2\/pages\/21\/revisions"}],"predecessor-version":[{"id":485,"href":"http:\/\/casatomada.es\/talleres\/wp-json\/wp\/v2\/pages\/21\/revisions\/485"}],"wp:attachment":[{"href":"http:\/\/casatomada.es\/talleres\/wp-json\/wp\/v2\/media?parent=21"}],"curies":[{"name":"wp","href":"https:\/\/api.w.org\/{rel}","templated":true}]}}