{"id":629,"date":"2024-09-03T11:33:53","date_gmt":"2024-09-03T11:33:53","guid":{"rendered":"https:\/\/casatomada.es\/talleres\/?page_id=629"},"modified":"2025-09-02T08:13:13","modified_gmt":"2025-09-02T08:13:13","slug":"629-2","status":"publish","type":"page","link":"http:\/\/casatomada.es\/talleres\/","title":{"rendered":""},"content":{"rendered":"\n<div class=\"wp-block-columns is-layout-flex wp-container-core-columns-is-layout-1 wp-block-columns-is-layout-flex\">\n<div class=\"wp-block-column is-layout-flow wp-block-column-is-layout-flow\"><\/div>\n\n\n\n<div class=\"wp-block-column is-layout-flow wp-block-column-is-layout-flow\" style=\"flex-basis:100%\"><\/div>\n<\/div>\n\n\n\n<div style=\"height:10px\" aria-hidden=\"true\" class=\"wp-block-spacer\"><\/div>\n\n\n\n<div class=\"wp-block-columns is-layout-flex wp-container-core-columns-is-layout-2 wp-block-columns-is-layout-flex\" style=\"padding-right:0;padding-left:0\">\n<div class=\"wp-block-column is-layout-flow wp-block-column-is-layout-flow\">\n<figure class=\"wp-block-image size-full is-resized\"><a href=\"http:\/\/casatomada.es\/talleres\/talleres-presenciales\"><img loading=\"lazy\" decoding=\"async\" width=\"400\" height=\"400\" src=\"https:\/\/casatomada.es\/talleres\/wp-content\/uploads\/2025\/09\/Tallerres-de-escritura-de-Casa-Tomada-2025-26-1.png\" alt=\"\" class=\"wp-image-1100\" style=\"width:600px\" srcset=\"http:\/\/casatomada.es\/talleres\/wp-content\/uploads\/2025\/09\/Tallerres-de-escritura-de-Casa-Tomada-2025-26-1.png 400w, http:\/\/casatomada.es\/talleres\/wp-content\/uploads\/2025\/09\/Tallerres-de-escritura-de-Casa-Tomada-2025-26-1-300x300.png 300w, http:\/\/casatomada.es\/talleres\/wp-content\/uploads\/2025\/09\/Tallerres-de-escritura-de-Casa-Tomada-2025-26-1-150x150.png 150w\" sizes=\"auto, (max-width: 400px) 100vw, 400px\" \/><\/a><\/figure>\n<\/div>\n\n\n\n<div class=\"wp-block-column is-layout-flow wp-block-column-is-layout-flow\">\n<p class=\"has-large-font-size\" style=\"font-style:normal;font-weight:1000\"><mark style=\"background-color:#ffffff\" class=\"has-inline-color has-background-color\">TALLERES 2025\/26<\/mark> <\/p>\n\n\n\n<p class=\"has-medium-font-size\" style=\"margin-top:-10px;font-style:normal;font-weight:1000\">Inscripciones abiertas<\/p>\n\n\n\n<p class=\"has-large-font-size\" style=\"font-style:normal;font-weight:1000\"><mark style=\"background-color:#ffffff\" class=\"has-inline-color has-background-color\">INICIO<\/mark> <\/p>\n\n\n\n<p class=\"has-medium-font-size\" style=\"margin-top:-10px;font-style:normal;font-weight:1000\">Semana del 6 de octubre<\/p>\n\n\n\n<p class=\"has-large-font-size\" style=\"font-style:normal;font-weight:1000\"><mark style=\"background-color:#ffffff\" class=\"has-inline-color has-background-color\">MODALIDADES<\/mark><\/p>\n\n\n\n<p class=\"has-medium-font-size\" style=\"margin-top:-10px;font-style:normal;font-weight:1000\">Talleres <a href=\"http:\/\/casatomada.es\/talleres\/talleres-presenciales\">presenciales <\/a>y <a href=\"https:\/\/casatomada.es\/talleres\/talleres-online\/\" data-type=\"page\" data-id=\"17\">online<\/a><\/p>\n\n\n\n<div style=\"height:21px\" aria-hidden=\"true\" class=\"wp-block-spacer\"><\/div>\n\n\n\n<p class=\"has-black-color has-text-color has-link-color has-large-font-size wp-elements-f523fff000fee9cd3caa43f987c80031\" style=\"border-style:none;border-width:0px;border-radius:0px;margin-top:0;margin-right:0;margin-bottom:0;margin-left:0;padding-top:0;padding-right:0;padding-bottom:0;padding-left:0;font-style:normal;font-weight:1000\"><mark style=\"background-color:#9db9cc\" class=\"has-inline-color has-background-color\"><a href=\"https:\/\/casatomada.es\/talleres\/inscripciones\/#uagb-tabs__tab1\">m\u00e1s informaci\u00f3n<\/a><\/mark><\/p>\n\n\n\n<p class=\"has-black-color has-text-color has-link-color has-large-font-size wp-elements-9006bf5f7450e67d7062d81bf91bf9f7\" style=\"border-style:none;border-width:0px;border-radius:0px;margin-top:0;margin-right:0;margin-bottom:0;margin-left:0;padding-top:0;padding-right:0;padding-bottom:0;padding-left:0;font-style:normal;font-weight:1000\"><mark style=\"background-color:#9db9cc\" class=\"has-inline-color has-background-color\"><a href=\"https:\/\/casatomada.es\/talleres\/inscripciones\/#uagb-tabs__tab0\">grupos y horarios<\/a><\/mark><\/p>\n\n\n\n<p class=\"has-black-color has-text-color has-link-color has-large-font-size wp-elements-a7d1b1adf54c7853eecd6cd956a2eeca\" style=\"border-style:none;border-width:0px;border-radius:0px;margin-top:0;margin-right:0;margin-bottom:0;margin-left:0;padding-top:0;padding-right:0;padding-bottom:0;padding-left:0;font-style:normal;font-weight:1000\"><mark style=\"background-color:#9db9cc\" class=\"has-inline-color has-background-color\"><a href=\"https:\/\/casatomada.es\/talleres\/inscripciones\/#uagb-tabs__tab2\">c\u00f3mo elegir tu taller<\/a><\/mark><\/p>\n\n\n\n<p><\/p>\n\n\n\n<p><\/p>\n<\/div>\n<\/div>\n\n\n\n<p><\/p>\n","protected":false},"excerpt":{"rendered":"<p>TALLERES 2025\/26 Inscripciones abiertas INICIO Semana del 6 de octubre MODALIDADES Talleres presenciales y online m\u00e1s informaci\u00f3n grupos y horarios c\u00f3mo elegir tu taller<\/p>\n","protected":false},"author":1,"featured_media":0,"parent":0,"menu_order":0,"comment_status":"closed","ping_status":"closed","template":"","meta":{"_uag_custom_page_level_css":"","footnotes":""},"class_list":["post-629","page","type-page","status-publish","hentry"],"uagb_featured_image_src":{"full":false,"thumbnail":false,"medium":false,"medium_large":false,"large":false,"1536x1536":false,"2048x2048":false},"uagb_author_info":{"display_name":"admin","author_link":"http:\/\/casatomada.es\/talleres\/author\/admin\/"},"uagb_comment_info":0,"uagb_excerpt":"TALLERES 2025\/26 Inscripciones abiertas INICIO Semana del 6 de octubre MODALIDADES Talleres presenciales y online m\u00e1s informaci\u00f3n grupos y horarios c\u00f3mo elegir tu taller","_links":{"self":[{"href":"http:\/\/casatomada.es\/talleres\/wp-json\/wp\/v2\/pages\/629","targetHints":{"allow":["GET"]}}],"collection":[{"href":"http:\/\/casatomada.es\/talleres\/wp-json\/wp\/v2\/pages"}],"about":[{"href":"http:\/\/casatomada.es\/talleres\/wp-json\/wp\/v2\/types\/page"}],"author":[{"embeddable":true,"href":"http:\/\/casatomada.es\/talleres\/wp-json\/wp\/v2\/users\/1"}],"replies":[{"embeddable":true,"href":"http:\/\/casatomada.es\/talleres\/wp-json\/wp\/v2\/comments?post=629"}],"version-history":[{"count":46,"href":"http:\/\/casatomada.es\/talleres\/wp-json\/wp\/v2\/pages\/629\/revisions"}],"predecessor-version":[{"id":1109,"href":"http:\/\/casatomada.es\/talleres\/wp-json\/wp\/v2\/pages\/629\/revisions\/1109"}],"wp:attachment":[{"href":"http:\/\/casatomada.es\/talleres\/wp-json\/wp\/v2\/media?parent=629"}],"curies":[{"name":"wp","href":"https:\/\/api.w.org\/{rel}","templated":true}]}}