{"id":9,"date":"2023-09-18T09:04:43","date_gmt":"2023-09-18T09:04:43","guid":{"rendered":"http:\/\/casatomada.es\/talleres\/?page_id=9"},"modified":"2024-09-14T12:35:02","modified_gmt":"2024-09-14T12:35:02","slug":"talleres-presenciales","status":"publish","type":"page","link":"http:\/\/casatomada.es\/talleres\/talleres-presenciales\/","title":{"rendered":"Talleres presenciales"},"content":{"rendered":"\n<div class=\"wp-block-uagb-tabs uagb-block-55b97765 uagb-tabs__wrap uagb-tabs__hstyle1-desktop uagb-tabs__vstyle6-tablet uagb-tabs__stack1-mobile\" data-tab-active=\"0\" id=\"inicio\"><ul class=\"uagb-tabs__panel uagb-tabs__align-left\" role=\"tablist\"><li class=\"uagb-tab uagb-tabs__active\" role=\"none\"><a href=\"#uagb-tabs__tab0\" class=\"uagb-tabs-list uagb-tabs__icon-position-left\" data-tab=\"0\" role=\"tab\"><div><strong>Talleres<\/strong><\/div><\/a><\/li><li class=\"uagb-tab \" role=\"none\"><a href=\"#uagb-tabs__tab1\" class=\"uagb-tabs-list uagb-tabs__icon-position-left\" data-tab=\"1\" role=\"tab\"><div><strong>Informaci\u00f3n<\/strong><\/div><\/a><\/li><li class=\"uagb-tab \" role=\"none\"><a href=\"#uagb-tabs__tab2\" class=\"uagb-tabs-list uagb-tabs__icon-position-left\" data-tab=\"2\" role=\"tab\"><div><strong>Preguntas<\/strong><\/div><\/a><\/li><\/ul><div class=\"uagb-tabs__body-wrap\">\n<div class=\"wp-block-uagb-tabs-child uagb-tabs__body-container uagb-inner-tab-0\" aria-labelledby=\"uagb-tabs__tab0\" id=\"inicio\">\n<p><\/p>\n\n\n\n\t\t\t<div class=\"wp-block-uagb-post-grid uagb-post-grid  uagb-post__image-position-top uagb-post__image-enabled uagb-block-cb64f701     uagb-post__items uagb-post__columns-3 is-grid uagb-post__columns-tablet-2 uagb-post__columns-mobile-1 uagb-post__equal-height\" data-total=\"2\" style=\"\">\n\n\t\t\t\t\t\t\t\t\t\t\t\t<article class=\"uagb-post__inner-wrap\">\t\t\t\t\t\t\t\t<div class='uagb-post__image'>\n\t\t\t\t\t\t\t\t\t<a href=\"http:\/\/casatomada.es\/talleres\/iniciacion-a-la-escritura-creativa\/\" target=\"_self\" rel=\"bookmark noopener noreferrer\" class='uagb-image-ratio-inherit'><img loading=\"lazy\" decoding=\"async\" width=\"300\" height=\"300\" src=\"http:\/\/casatomada.es\/talleres\/wp-content\/uploads\/2023\/09\/EC-300x300.png\" class=\"attachment-medium size-medium\" alt=\"\" srcset=\"http:\/\/casatomada.es\/talleres\/wp-content\/uploads\/2023\/09\/EC-300x300.png 300w, http:\/\/casatomada.es\/talleres\/wp-content\/uploads\/2023\/09\/EC-150x150.png 150w, http:\/\/casatomada.es\/talleres\/wp-content\/uploads\/2023\/09\/EC.png 500w\" sizes=\"auto, (max-width: 300px) 100vw, 300px\" \/>\t\t\t\t\t<\/a>\n\t\t\t\t\t\t\t<\/div>\n\t\t\t\t\t\t<div class='uagb-post__text uagb-post-grid-byline'>\n\t\t\t\t\t\t\t<\/div>\n\t\t\t\n\t\t\t\t\t\t\t\t\t<\/article>\n\t\t\t\t\t\t\t\t\t\t\t\t\t\t\t\t<article class=\"uagb-post__inner-wrap\">\t\t\t\t\t\t\t\t<div class='uagb-post__image'>\n\t\t\t\t\t\t\t\t\t<a href=\"http:\/\/casatomada.es\/talleres\/escritura-creativa-avanzada\/\" target=\"_self\" rel=\"bookmark noopener noreferrer\" class='uagb-image-ratio-inherit'><img loading=\"lazy\" decoding=\"async\" width=\"300\" height=\"300\" src=\"http:\/\/casatomada.es\/talleres\/wp-content\/uploads\/2023\/09\/EC-AVANZADA-300x300.png\" class=\"attachment-medium size-medium\" alt=\"\" srcset=\"http:\/\/casatomada.es\/talleres\/wp-content\/uploads\/2023\/09\/EC-AVANZADA-300x300.png 300w, http:\/\/casatomada.es\/talleres\/wp-content\/uploads\/2023\/09\/EC-AVANZADA-150x150.png 150w, http:\/\/casatomada.es\/talleres\/wp-content\/uploads\/2023\/09\/EC-AVANZADA.png 500w\" sizes=\"auto, (max-width: 300px) 100vw, 300px\" \/>\t\t\t\t\t<\/a>\n\t\t\t\t\t\t\t<\/div>\n\t\t\t\t\t\t<div class='uagb-post__text uagb-post-grid-byline'>\n\t\t\t\t\t\t\t<\/div>\n\t\t\t\n\t\t\t\t\t\t\t\t\t<\/article>\n\t\t\t\t\t\t\t\t\t\t\t\t\t\t\t\t<article class=\"uagb-post__inner-wrap\">\t\t\t\t\t\t\t\t<div class='uagb-post__image'>\n\t\t\t\t\t\t\t\t\t<a href=\"http:\/\/casatomada.es\/talleres\/taller-de-relato-breve\/\" target=\"_self\" rel=\"bookmark noopener noreferrer\" class='uagb-image-ratio-inherit'><img loading=\"lazy\" decoding=\"async\" width=\"300\" height=\"300\" src=\"http:\/\/casatomada.es\/talleres\/wp-content\/uploads\/2023\/09\/RELATO-300x300.png\" class=\"attachment-medium size-medium\" alt=\"\" srcset=\"http:\/\/casatomada.es\/talleres\/wp-content\/uploads\/2023\/09\/RELATO-300x300.png 300w, http:\/\/casatomada.es\/talleres\/wp-content\/uploads\/2023\/09\/RELATO-150x150.png 150w, http:\/\/casatomada.es\/talleres\/wp-content\/uploads\/2023\/09\/RELATO.png 500w\" sizes=\"auto, (max-width: 300px) 100vw, 300px\" \/>\t\t\t\t\t<\/a>\n\t\t\t\t\t\t\t<\/div>\n\t\t\t\t\t\t<div class='uagb-post__text uagb-post-grid-byline'>\n\t\t\t\t\t\t\t<\/div>\n\t\t\t\n\t\t\t\t\t\t\t\t\t<\/article>\n\t\t\t\t\t\t\t\t\t\t\t\t\t\t\t\t<article class=\"uagb-post__inner-wrap\">\t\t\t\t\t\t\t\t<div class='uagb-post__image'>\n\t\t\t\t\t\t\t\t\t<a href=\"http:\/\/casatomada.es\/talleres\/taller-de-novela\/\" target=\"_self\" rel=\"bookmark noopener noreferrer\" class='uagb-image-ratio-inherit'><img loading=\"lazy\" decoding=\"async\" width=\"300\" height=\"300\" src=\"http:\/\/casatomada.es\/talleres\/wp-content\/uploads\/2023\/09\/NOVELA-300x300.png\" class=\"attachment-medium size-medium\" alt=\"\" srcset=\"http:\/\/casatomada.es\/talleres\/wp-content\/uploads\/2023\/09\/NOVELA-300x300.png 300w, http:\/\/casatomada.es\/talleres\/wp-content\/uploads\/2023\/09\/NOVELA-150x150.png 150w, http:\/\/casatomada.es\/talleres\/wp-content\/uploads\/2023\/09\/NOVELA.png 500w\" sizes=\"auto, (max-width: 300px) 100vw, 300px\" \/>\t\t\t\t\t<\/a>\n\t\t\t\t\t\t\t<\/div>\n\t\t\t\t\t\t<div class='uagb-post__text uagb-post-grid-byline'>\n\t\t\t\t\t\t\t<\/div>\n\t\t\t\n\t\t\t\t\t\t\t\t\t<\/article>\n\t\t\t\t\t\t\t\t\t\t\t\t\t\t\t\t<article class=\"uagb-post__inner-wrap\">\t\t\t\t\t\t\t\t<div class='uagb-post__image'>\n\t\t\t\t\t\t\t\t\t<a href=\"http:\/\/casatomada.es\/talleres\/taller-de-introduccion-a-la-escritura-poetica\/\" target=\"_self\" rel=\"bookmark noopener noreferrer\" class='uagb-image-ratio-inherit'><img loading=\"lazy\" decoding=\"async\" width=\"300\" height=\"300\" src=\"http:\/\/casatomada.es\/talleres\/wp-content\/uploads\/2023\/09\/ESCRITURA-POETICA-300x300.png\" class=\"attachment-medium size-medium\" alt=\"\" srcset=\"http:\/\/casatomada.es\/talleres\/wp-content\/uploads\/2023\/09\/ESCRITURA-POETICA-300x300.png 300w, http:\/\/casatomada.es\/talleres\/wp-content\/uploads\/2023\/09\/ESCRITURA-POETICA-150x150.png 150w, http:\/\/casatomada.es\/talleres\/wp-content\/uploads\/2023\/09\/ESCRITURA-POETICA.png 500w\" sizes=\"auto, (max-width: 300px) 100vw, 300px\" \/>\t\t\t\t\t<\/a>\n\t\t\t\t\t\t\t<\/div>\n\t\t\t\t\t\t<div class='uagb-post__text uagb-post-grid-byline'>\n\t\t\t\t\t\t\t<\/div>\n\t\t\t\n\t\t\t\t\t\t\t\t\t<\/article>\n\t\t\t\t\t\t\t\t\t\t\t\t\t\t\t\t<article class=\"uagb-post__inner-wrap\">\t\t\t\t\t\t\t\t<div class='uagb-post__text uagb-post-grid-byline'>\n\t\t\t\t\t\t\t<\/div>\n\t\t\t\n\t\t\t\t\t\t\t\t\t<\/article>\n\t\t\t\t\t\t\t\t\t\t\t<\/div>\n\t\t\t<\/div>\n\n\n\n<div class=\"wp-block-uagb-tabs-child uagb-tabs__body-container uagb-inner-tab-1\" aria-labelledby=\"uagb-tabs__tab1\" id=\"inicio\">\n<p id=\"presentacion\">Los talleres consisten en una clase presencial u online de 1,5 \u00f3 2 h de duraci\u00f3n, una vez a la semana, y a lo largo de varios meses, entre octubre y junio. Los grupos son reducidos, para que todos los participantes tengan oportunidad de intervenir y de recibir comentarios personalizados sobre sus textos.<\/p>\n\n\n\n<p><strong>Contamos con m\u00e1s de quince a\u00f1os de experiencia. Nuestros profesores y profesoras son grandes lectores, y abordan sus clases con much\u00edsimo respeto: no ofrecemos trucos infalibles ni claves para el \u00e9xito (tampoco estamos muy seguros de que eso exista). El taller es el espacio donde se acude para compartir y trabajar los textos, para aprender y, por supuesto, para pasarlo bien. <\/strong>Cada participante fija sus metas y tambi\u00e9n su compromiso de dedicaci\u00f3n, ya que hay propuestas para todos los perfiles, tanto para personas que acaban de empezar a escribir, como para aquellas que llevan a\u00f1os haci\u00e9ndolo. Para despertar la creatividad y perderle el miedo a la p\u00e1gina en blanco, y tambi\u00e9n para acompa\u00f1ar durante el proceso completo de escritura y revisi\u00f3n de todo tipo de proyectos literarios.<\/p>\n\n\n\n<p>Adem\u00e1s de los talleres que impartimos en nuestra librer\u00eda, colaboramos asiduamente con el Centro Andaluz de las Letras, con la Biblioteca P\u00fablica Provincial Infanta Elena, con el Instituto Andaluz de la Mujer, con el Centro Universitario EUSA y con numerosos centros de educaci\u00f3n primaria y secundaria, para los que ofrecemos talleres tem\u00e1ticos o adaptados a p\u00fablicos espec\u00edficos.<\/p>\n\n\n\n<p>Echa un vistazo a nuestra oferta de talleres, y si necesitas ayuda para elegir el que mejor se adapte a tus intereses o necesidades, no dudes en pasar por la librer\u00eda o contactar con nosotros en info@casatomada.es o el tel\u00e9fono 955 517 057.<\/p>\n<\/div>\n\n\n\n<div class=\"wp-block-uagb-tabs-child uagb-tabs__body-container uagb-inner-tab-2\" aria-labelledby=\"uagb-tabs__tab2\" id=\"inicio\"><div class=\"wp-block-uagb-faq uagb-faq__outer-wrap uagb-block-37f2a8b7 uagb-faq-icon-row uagb-faq-layout-accordion uagb-faq-expand-first-false uagb-faq-inactive-other-true uagb-faq__wrap uagb-buttons-layout-wrap uagb-faq-equal-height     \" data-faqtoggle=\"true\" role=\"tablist\"><div class=\"wp-block-uagb-faq-child uagb-faq-child__outer-wrap uagb-faq-item uagb-block-caecc774 \" role=\"tab\" tabindex=\"0\"><div class=\"uagb-faq-questions-button uagb-faq-questions\">\t\t\t<span class=\"uagb-icon uagb-faq-icon-wrap\">\n\t\t\t\t\t\t\t\t<svg xmlns=\"https:\/\/www.w3.org\/2000\/svg\" viewBox= \"0 0 448 512\"><path d=\"M432 256c0 17.69-14.33 32.01-32 32.01H256v144c0 17.69-14.33 31.99-32 31.99s-32-14.3-32-31.99v-144H48c-17.67 0-32-14.32-32-32.01s14.33-31.99 32-31.99H192v-144c0-17.69 14.33-32.01 32-32.01s32 14.32 32 32.01v144h144C417.7 224 432 238.3 432 256z\"><\/path><\/svg>\n\t\t\t\t\t\t\t<\/span>\n\t\t\t\t\t\t<span class=\"uagb-icon-active uagb-faq-icon-wrap\">\n\t\t\t\t\t\t\t\t<svg xmlns=\"https:\/\/www.w3.org\/2000\/svg\" viewBox= \"0 0 448 512\"><path d=\"M400 288h-352c-17.69 0-32-14.32-32-32.01s14.31-31.99 32-31.99h352c17.69 0 32 14.3 32 31.99S417.7 288 400 288z\"><\/path><\/svg>\n\t\t\t\t\t\t\t<\/span>\n\t\t\t<span class=\"uagb-question\">\u00bfSe puede aprender a escribir?<\/span><\/div><div class=\"uagb-faq-content\"><p>La escritura, como cualquier arte, tiene una parte innegable de instinto y talento natural y otra de pr\u00e1ctica y estudio, de reflexi\u00f3n, de adquisici\u00f3n de la t\u00e9cnica. Es ah\u00ed donde el taller cobra sentido como acompa\u00f1amiento durante el proceso de aprendizaje y desarrollo del escritor que, en el fondo, siempre es un proceso individual.<br>No creemos que existan f\u00f3rmulas ni normas estrictas que garanticen una gran obra de arte. Pero s\u00ed estamos seguros de que mediante la lectura atenta y la puesta en com\u00fan de nuestra escritura, el lenguaje se nos ir\u00e1 revelando como un conjunto de herramientas rico y complejo, que cuando se deshace de los t\u00f3picos y los lugares comunes es capaz de volver a expresar de una y mil formas diferentes las emociones que experimentamos, de describir y reconstruir el mundo que nos rodea una vez m\u00e1s como si nadie lo hubiera hecho antes.<\/p><\/div><\/div><div class=\"wp-block-uagb-faq-child uagb-faq-child__outer-wrap uagb-faq-item uagb-block-4dd4c951 \" role=\"tab\" tabindex=\"0\"><div class=\"uagb-faq-questions-button uagb-faq-questions\">\t\t\t<span class=\"uagb-icon uagb-faq-icon-wrap\">\n\t\t\t\t\t\t\t\t<svg xmlns=\"https:\/\/www.w3.org\/2000\/svg\" viewBox= \"0 0 448 512\"><path d=\"M432 256c0 17.69-14.33 32.01-32 32.01H256v144c0 17.69-14.33 31.99-32 31.99s-32-14.3-32-31.99v-144H48c-17.67 0-32-14.32-32-32.01s14.33-31.99 32-31.99H192v-144c0-17.69 14.33-32.01 32-32.01s32 14.32 32 32.01v144h144C417.7 224 432 238.3 432 256z\"><\/path><\/svg>\n\t\t\t\t\t\t\t<\/span>\n\t\t\t\t\t\t<span class=\"uagb-icon-active uagb-faq-icon-wrap\">\n\t\t\t\t\t\t\t\t<svg xmlns=\"https:\/\/www.w3.org\/2000\/svg\" viewBox= \"0 0 448 512\"><path d=\"M400 288h-352c-17.69 0-32-14.32-32-32.01s14.31-31.99 32-31.99h352c17.69 0 32 14.3 32 31.99S417.7 288 400 288z\"><\/path><\/svg>\n\t\t\t\t\t\t\t<\/span>\n\t\t\t<span class=\"uagb-question\">\u00bfEn qu\u00e9 consiste un taller de escritura?<\/span><\/div><div class=\"uagb-faq-content\"><p>Los talleres de escritura de Casa Tomada son un punto de encuentro para personas que disfrutan de la buena literatura, en cualquiera de sus formas. Por encima de ninguna otra cosa, somos lectores y creemos que escribir es una carrera de fondo, que empieza por redescubrir la lectura para ampliar nuestros referentes y enriquecer nuestros recursos, para elegir a nuestros maestros (y luego imitarlos, contradecirlos, mezclarlos, rechazarlos, superarlos), para disfrutarla m\u00e1s y mejor a\u00fan.<\/p><\/div><\/div><div class=\"wp-block-uagb-faq-child uagb-faq-child__outer-wrap uagb-faq-item uagb-block-cddec432 \" role=\"tab\" tabindex=\"0\"><div class=\"uagb-faq-questions-button uagb-faq-questions\">\t\t\t<span class=\"uagb-icon uagb-faq-icon-wrap\">\n\t\t\t\t\t\t\t\t<svg xmlns=\"https:\/\/www.w3.org\/2000\/svg\" viewBox= \"0 0 448 512\"><path d=\"M432 256c0 17.69-14.33 32.01-32 32.01H256v144c0 17.69-14.33 31.99-32 31.99s-32-14.3-32-31.99v-144H48c-17.67 0-32-14.32-32-32.01s14.33-31.99 32-31.99H192v-144c0-17.69 14.33-32.01 32-32.01s32 14.32 32 32.01v144h144C417.7 224 432 238.3 432 256z\"><\/path><\/svg>\n\t\t\t\t\t\t\t<\/span>\n\t\t\t\t\t\t<span class=\"uagb-icon-active uagb-faq-icon-wrap\">\n\t\t\t\t\t\t\t\t<svg xmlns=\"https:\/\/www.w3.org\/2000\/svg\" viewBox= \"0 0 448 512\"><path d=\"M400 288h-352c-17.69 0-32-14.32-32-32.01s14.31-31.99 32-31.99h352c17.69 0 32 14.3 32 31.99S417.7 288 400 288z\"><\/path><\/svg>\n\t\t\t\t\t\t\t<\/span>\n\t\t\t<span class=\"uagb-question\">\u00bfC\u00f3mo son las clases?<\/span><\/div><div class=\"uagb-faq-content\"><p>Nuestros talleres se desarrollan mediante una clase semanal de hora y media o dos horas de duraci\u00f3n, seg\u00fan el tipo de taller o el n\u00famero de alumnos matriculados. Las sesiones se dividen normalmente en dos partes: una primera de lectura de un texto que sirve para abordar alg\u00fan aspecto t\u00e9cnico o estil\u00edstico, y otra de puesta en com\u00fan en la que los alumnos comparten los ejercicios realizados durante la semana, que se analizan entre todos con la gu\u00eda del profesor. A veces se lleva a cabo tambi\u00e9n una breve din\u00e1mica l\u00fadica o creativa. Al final de la clase se propone una consigna de escritura, que los alumnos realizar\u00e1n en casa y traer\u00e1n en la pr\u00f3xima sesi\u00f3n.<\/p><\/div><\/div><div class=\"wp-block-uagb-faq-child uagb-faq-child__outer-wrap uagb-faq-item uagb-block-a196e96b \" role=\"tab\" tabindex=\"0\"><div class=\"uagb-faq-questions-button uagb-faq-questions\">\t\t\t<span class=\"uagb-icon uagb-faq-icon-wrap\">\n\t\t\t\t\t\t\t\t<svg xmlns=\"https:\/\/www.w3.org\/2000\/svg\" viewBox= \"0 0 448 512\"><path d=\"M432 256c0 17.69-14.33 32.01-32 32.01H256v144c0 17.69-14.33 31.99-32 31.99s-32-14.3-32-31.99v-144H48c-17.67 0-32-14.32-32-32.01s14.33-31.99 32-31.99H192v-144c0-17.69 14.33-32.01 32-32.01s32 14.32 32 32.01v144h144C417.7 224 432 238.3 432 256z\"><\/path><\/svg>\n\t\t\t\t\t\t\t<\/span>\n\t\t\t\t\t\t<span class=\"uagb-icon-active uagb-faq-icon-wrap\">\n\t\t\t\t\t\t\t\t<svg xmlns=\"https:\/\/www.w3.org\/2000\/svg\" viewBox= \"0 0 448 512\"><path d=\"M400 288h-352c-17.69 0-32-14.32-32-32.01s14.31-31.99 32-31.99h352c17.69 0 32 14.3 32 31.99S417.7 288 400 288z\"><\/path><\/svg>\n\t\t\t\t\t\t\t<\/span>\n\t\t\t<span class=\"uagb-question\">\u00bfCu\u00e1nto tiempo debo dedicarle al taller fuera del horario de clase?<\/span><\/div><div class=\"uagb-faq-content\"><p>Las propuestas pr\u00e1cticas de escritura semanales est\u00e1n pensadas para que requieran\u00a0una o dos horas, o m\u00e1s si se somete a muchas revisiones y correcciones. Puede que alguna semana no te d\u00e9 tiempo a realizarla, que llegues a la mitad o que apenas esboces un borrador.\u00a0No vamos a enga\u00f1ar a nadie: escribir es (o deber\u00eda ser) un proceso lento, y tambi\u00e9n dif\u00edcil. Pocos escritores dan por terminado un texto, por breve que sea, en un solo d\u00eda, o en una semana. Lo normal es dejarlos descansar, volver a ellos m\u00e1s adelante, corregirlos, cambiar cosas, probar una perspectiva nueva.\u00a0Pero eso no debe preocuparte: el taller es un espacio donde se viene a <em>trabajar<\/em>los textos, no se espera que los relatos est\u00e9n totalmente acabados y revisados antes de la clase. Es una parte m\u00e1s del proyecto. Un peque\u00f1o borrador, o un texto a medias se prestar\u00e1 tambi\u00e9n al an\u00e1lisis en clase.<\/p><\/div><\/div><div class=\"wp-block-uagb-faq-child uagb-faq-child__outer-wrap uagb-faq-item uagb-block-36dc5194 \" role=\"tab\" tabindex=\"0\"><div class=\"uagb-faq-questions-button uagb-faq-questions\">\t\t\t<span class=\"uagb-icon uagb-faq-icon-wrap\">\n\t\t\t\t\t\t\t\t<svg xmlns=\"https:\/\/www.w3.org\/2000\/svg\" viewBox= \"0 0 448 512\"><path d=\"M432 256c0 17.69-14.33 32.01-32 32.01H256v144c0 17.69-14.33 31.99-32 31.99s-32-14.3-32-31.99v-144H48c-17.67 0-32-14.32-32-32.01s14.33-31.99 32-31.99H192v-144c0-17.69 14.33-32.01 32-32.01s32 14.32 32 32.01v144h144C417.7 224 432 238.3 432 256z\"><\/path><\/svg>\n\t\t\t\t\t\t\t<\/span>\n\t\t\t\t\t\t<span class=\"uagb-icon-active uagb-faq-icon-wrap\">\n\t\t\t\t\t\t\t\t<svg xmlns=\"https:\/\/www.w3.org\/2000\/svg\" viewBox= \"0 0 448 512\"><path d=\"M400 288h-352c-17.69 0-32-14.32-32-32.01s14.31-31.99 32-31.99h352c17.69 0 32 14.3 32 31.99S417.7 288 400 288z\"><\/path><\/svg>\n\t\t\t\t\t\t\t<\/span>\n\t\t\t<span class=\"uagb-question\">\u00bfCu\u00e1l es el perfil de los asistentes a los talleres?<\/span><\/div><div class=\"uagb-faq-content\"><p>Entre nuestros alumnos hay quien se toma los talleres como una actividad de ocio cultural (dedicar un rato a la semana a hablar de literatura, a descubrir autores y textos nuevos, a compartir textos y formas de entender el mundo), pero tambi\u00e9n quien adem\u00e1s de eso se plantea y asume compromisos m\u00e1s firmes para completar sus proyectos de escritura a largo plazo: novelas, libros de relatos, poemarios, guiones, etc. Para eso existen diferentes grupos y talleres de car\u00e1cter m\u00e1s general, de introducci\u00f3n o especializados.<\/p><\/div><\/div><div class=\"wp-block-uagb-faq-child uagb-faq-child__outer-wrap uagb-faq-item uagb-block-44ed9542 \" role=\"tab\" tabindex=\"0\"><div class=\"uagb-faq-questions-button uagb-faq-questions\">\t\t\t<span class=\"uagb-icon uagb-faq-icon-wrap\">\n\t\t\t\t\t\t\t\t<svg xmlns=\"https:\/\/www.w3.org\/2000\/svg\" viewBox= \"0 0 448 512\"><path d=\"M432 256c0 17.69-14.33 32.01-32 32.01H256v144c0 17.69-14.33 31.99-32 31.99s-32-14.3-32-31.99v-144H48c-17.67 0-32-14.32-32-32.01s14.33-31.99 32-31.99H192v-144c0-17.69 14.33-32.01 32-32.01s32 14.32 32 32.01v144h144C417.7 224 432 238.3 432 256z\"><\/path><\/svg>\n\t\t\t\t\t\t\t<\/span>\n\t\t\t\t\t\t<span class=\"uagb-icon-active uagb-faq-icon-wrap\">\n\t\t\t\t\t\t\t\t<svg xmlns=\"https:\/\/www.w3.org\/2000\/svg\" viewBox= \"0 0 448 512\"><path d=\"M400 288h-352c-17.69 0-32-14.32-32-32.01s14.31-31.99 32-31.99h352c17.69 0 32 14.3 32 31.99S417.7 288 400 288z\"><\/path><\/svg>\n\t\t\t\t\t\t\t<\/span>\n\t\t\t<span class=\"uagb-question\">\u00bfQui\u00e9n imparte los talleres de escritura en Casa Tomada?<\/span><\/div><div class=\"uagb-faq-content\"><p>Todos nuestros profesores tienen una cosa en com\u00fan: como dijo el poeta, y salvando las distancias, todos presumen m\u00e1s de lo que han le\u00eddo que de lo que han escrito. Adem\u00e1s de su formaci\u00f3n literaria, todos ellos cuentan con muchos a\u00f1os de experiencia docente en el \u00e1mbito de la escritura creativa en distintas escuelas y organismos, y acumulan un buen n\u00famero de publicaciones y de premios y menciones literarias. Podr\u00e1s encontrar el perfil de cada uno de ellos en la informaci\u00f3n de los cursos, y tambi\u00e9n realizarles cualquier consulta o reunirte con ellos antes de inscribirte en los talleres.<\/p><\/div><\/div><div class=\"wp-block-uagb-faq-child uagb-faq-child__outer-wrap uagb-faq-item uagb-block-9f655a15 \" role=\"tab\" tabindex=\"0\"><div class=\"uagb-faq-questions-button uagb-faq-questions\">\t\t\t<span class=\"uagb-icon uagb-faq-icon-wrap\">\n\t\t\t\t\t\t\t\t<svg xmlns=\"https:\/\/www.w3.org\/2000\/svg\" viewBox= \"0 0 448 512\"><path d=\"M432 256c0 17.69-14.33 32.01-32 32.01H256v144c0 17.69-14.33 31.99-32 31.99s-32-14.3-32-31.99v-144H48c-17.67 0-32-14.32-32-32.01s14.33-31.99 32-31.99H192v-144c0-17.69 14.33-32.01 32-32.01s32 14.32 32 32.01v144h144C417.7 224 432 238.3 432 256z\"><\/path><\/svg>\n\t\t\t\t\t\t\t<\/span>\n\t\t\t\t\t\t<span class=\"uagb-icon-active uagb-faq-icon-wrap\">\n\t\t\t\t\t\t\t\t<svg xmlns=\"https:\/\/www.w3.org\/2000\/svg\" viewBox= \"0 0 448 512\"><path d=\"M400 288h-352c-17.69 0-32-14.32-32-32.01s14.31-31.99 32-31.99h352c17.69 0 32 14.3 32 31.99S417.7 288 400 288z\"><\/path><\/svg>\n\t\t\t\t\t\t\t<\/span>\n\t\t\t<span class=\"uagb-question\">Quiero publicar un libro. \u00bfRealizar un taller literario me ayudar\u00e1 a conseguirlo?<\/span><\/div><div class=\"uagb-faq-content\"><p>Es dif\u00edcil responder a esta pregunta, pero es importante que lo hagamos. Consideramos que los talleres son un fin en s\u00ed mismo, una parte de un proceso que implica muchos m\u00e1s factores: el talento individual, la capacidad de compromiso con la escritura, y tambi\u00e9n la viabilidad de la obra, la b\u00fasqueda de la editorial adecuada y, por qu\u00e9 no, la suerte de llegar en el momento justo.<br>El taller te dar\u00e1 herramientas, te ayudar\u00e1 a desarrollar un esp\u00edritu m\u00e1s cr\u00edtico y consciente de tu propia escritura, te permitir\u00e1 compartir tus textos y saber c\u00f3mo los perciben los dem\u00e1s. Te ayudaremos a pulir tus manuscritos\u00a0evitando los errores m\u00e1s comunes, a conocer mejor el proceso de edici\u00f3n, el mercado editorial, y las opciones con las que cuenta el autor novel. No, no podemos garantizar que tu obra vaya a ser publicada por una editorial, porque en \u00faltima instancia no depende de nosotros. Pero si ese es tu objetivo, te guiaremos en el camino lo mejor posible.<br>Dicho esto,\u00a0de nuestros talleres ha salido ya casi una decena de novelas\u00a0publicadas por editoriales locales y de alcance nacional, como Tr\u00e1nsito, Amor de Madre, Sloper,\u00a0Alfar, Ediciones en Huida, Anantes, Algaida o Torom\u00edtico. \ud83d\ude42<\/p><\/div><\/div><div class=\"wp-block-uagb-faq-child uagb-faq-child__outer-wrap uagb-faq-item uagb-block-209900e1 \" role=\"tab\" tabindex=\"0\"><div class=\"uagb-faq-questions-button uagb-faq-questions\">\t\t\t<span class=\"uagb-icon uagb-faq-icon-wrap\">\n\t\t\t\t\t\t\t\t<svg xmlns=\"https:\/\/www.w3.org\/2000\/svg\" viewBox= \"0 0 448 512\"><path d=\"M432 256c0 17.69-14.33 32.01-32 32.01H256v144c0 17.69-14.33 31.99-32 31.99s-32-14.3-32-31.99v-144H48c-17.67 0-32-14.32-32-32.01s14.33-31.99 32-31.99H192v-144c0-17.69 14.33-32.01 32-32.01s32 14.32 32 32.01v144h144C417.7 224 432 238.3 432 256z\"><\/path><\/svg>\n\t\t\t\t\t\t\t<\/span>\n\t\t\t\t\t\t<span class=\"uagb-icon-active uagb-faq-icon-wrap\">\n\t\t\t\t\t\t\t\t<svg xmlns=\"https:\/\/www.w3.org\/2000\/svg\" viewBox= \"0 0 448 512\"><path d=\"M400 288h-352c-17.69 0-32-14.32-32-32.01s14.31-31.99 32-31.99h352c17.69 0 32 14.3 32 31.99S417.7 288 400 288z\"><\/path><\/svg>\n\t\t\t\t\t\t\t<\/span>\n\t\t\t<span class=\"uagb-question\">Ya tengo un manuscrito terminado. \u00bfPuedo corregirlo en un taller de escritura?<\/span><\/div><div class=\"uagb-faq-content\"><p>Si ya has completado un manuscrito (novela, conjunto de relatos, poemario, obra de teatro o gui\u00f3n audiovisual) y tu inter\u00e9s es revisarlo para buscar opciones editoriales o, sencillamente, para obtener una valoraci\u00f3n del texto, es probable que te convenga m\u00e1s un informe de lectura o una tutor\u00eda individual. Tambi\u00e9n ofrecemos servicios de correcci\u00f3n ortotipogr\u00e1fica y de estilo. La din\u00e1mica de los talleres\u00a0har\u00e1 dif\u00edcil disponer del tiempo suficiente para leer, analizar y revisar textos extensos ajenos a las pr\u00e1cticas de clase.<\/p><\/div><\/div><div class=\"wp-block-uagb-faq-child uagb-faq-child__outer-wrap uagb-faq-item uagb-block-0015d157 \" role=\"tab\" tabindex=\"0\"><div class=\"uagb-faq-questions-button uagb-faq-questions\">\t\t\t<span class=\"uagb-icon uagb-faq-icon-wrap\">\n\t\t\t\t\t\t\t\t<svg xmlns=\"https:\/\/www.w3.org\/2000\/svg\" viewBox= \"0 0 448 512\"><path d=\"M432 256c0 17.69-14.33 32.01-32 32.01H256v144c0 17.69-14.33 31.99-32 31.99s-32-14.3-32-31.99v-144H48c-17.67 0-32-14.32-32-32.01s14.33-31.99 32-31.99H192v-144c0-17.69 14.33-32.01 32-32.01s32 14.32 32 32.01v144h144C417.7 224 432 238.3 432 256z\"><\/path><\/svg>\n\t\t\t\t\t\t\t<\/span>\n\t\t\t\t\t\t<span class=\"uagb-icon-active uagb-faq-icon-wrap\">\n\t\t\t\t\t\t\t\t<svg xmlns=\"https:\/\/www.w3.org\/2000\/svg\" viewBox= \"0 0 448 512\"><path d=\"M400 288h-352c-17.69 0-32-14.32-32-32.01s14.31-31.99 32-31.99h352c17.69 0 32 14.3 32 31.99S417.7 288 400 288z\"><\/path><\/svg>\n\t\t\t\t\t\t\t<\/span>\n\t\t\t<span class=\"uagb-question\">\u00bfHay talleres infantiles?<\/span><\/div><div class=\"uagb-faq-content\"><p>Impartimos un taller semanal para ni\u00f1os y ni\u00f1as de 8 a 12 a\u00f1os y otro para j\u00f3venes de 13 a 16 a\u00f1os, ambos los viernes por la tarde. A partir de los 17 a\u00f1os, consideramos que los alumnos pueden participar sin dificultad en los talleres para adultos, aunque siempre podemos valorar\u00a0cada caso individual. Consulta aqu\u00ed la informaci\u00f3n espec\u00edfica sobre los talleres infantiles de escritura creativa.<\/p><\/div><\/div><\/div><\/div>\n<\/div><\/div>\n","protected":false},"excerpt":{"rendered":"","protected":false},"author":1,"featured_media":0,"parent":0,"menu_order":1,"comment_status":"closed","ping_status":"closed","template":"","meta":{"_uag_custom_page_level_css":"","footnotes":""},"class_list":["post-9","page","type-page","status-publish","hentry"],"uagb_featured_image_src":{"full":false,"thumbnail":false,"medium":false,"medium_large":false,"large":false,"1536x1536":false,"2048x2048":false},"uagb_author_info":{"display_name":"admin","author_link":"http:\/\/casatomada.es\/talleres\/author\/admin\/"},"uagb_comment_info":0,"uagb_excerpt":null,"_links":{"self":[{"href":"http:\/\/casatomada.es\/talleres\/wp-json\/wp\/v2\/pages\/9","targetHints":{"allow":["GET"]}}],"collection":[{"href":"http:\/\/casatomada.es\/talleres\/wp-json\/wp\/v2\/pages"}],"about":[{"href":"http:\/\/casatomada.es\/talleres\/wp-json\/wp\/v2\/types\/page"}],"author":[{"embeddable":true,"href":"http:\/\/casatomada.es\/talleres\/wp-json\/wp\/v2\/users\/1"}],"replies":[{"embeddable":true,"href":"http:\/\/casatomada.es\/talleres\/wp-json\/wp\/v2\/comments?post=9"}],"version-history":[{"count":42,"href":"http:\/\/casatomada.es\/talleres\/wp-json\/wp\/v2\/pages\/9\/revisions"}],"predecessor-version":[{"id":851,"href":"http:\/\/casatomada.es\/talleres\/wp-json\/wp\/v2\/pages\/9\/revisions\/851"}],"wp:attachment":[{"href":"http:\/\/casatomada.es\/talleres\/wp-json\/wp\/v2\/media?parent=9"}],"curies":[{"name":"wp","href":"https:\/\/api.w.org\/{rel}","templated":true}]}}