{"id":111,"date":"2025-05-20T12:32:49","date_gmt":"2025-05-20T12:32:49","guid":{"rendered":"https:\/\/casatomada.es\/carambola\/?page_id=111"},"modified":"2025-09-06T19:00:03","modified_gmt":"2025-09-06T19:00:03","slug":"espectaculos","status":"publish","type":"page","link":"https:\/\/casatomada.es\/carambola\/espectaculos\/","title":{"rendered":"Espect\u00e1culos"},"content":{"rendered":"\n<p style=\"font-style:normal;font-weight:700\">La <mark style=\"background-color:rgba(0, 0, 0, 0)\" class=\"has-inline-color has-primary-color\">entrada es libre para todos los espect\u00e1culos<\/mark>, hasta completar aforo.<\/p>\n\n\n\n<p style=\"font-style:normal;font-weight:700\">Las <mark style=\"background-color:rgba(0, 0, 0, 0)\" class=\"has-inline-color has-primary-color\">edades recomendadas para cada uno son meramente orientativas<\/mark>, indicadas por los propios artistas. Pod\u00e9is acudir con ni\u00f1os y ni\u00f1as m\u00e1s peque\u00f1os si consider\u00e1is que sabr\u00e1n disfrutarlos. <\/p>\n\n\n\n<div style=\"height:20px\" aria-hidden=\"true\" class=\"wp-block-spacer\"><\/div>\n\n\n\n\t\t\t<div class=\"wp-block-uagb-post-grid uagb-post-grid title-background-color: #45698 uagb-post__image-position-top uagb-post__image-enabled uagb-block-c9a22583     uagb-post__items uagb-post__columns-3 is-grid uagb-post__columns-tablet-2 uagb-post__columns-mobile-1 uagb-post__equal-height uagb-equal_height_inline-read-more-buttons\" data-total=\"1\" style=\"\">\n\n\t\t\t\t\t\t\t\t\t\t\t\t<article class=\"uagb-post__inner-wrap\">\t\t\t\t\t\t\t\t<div class='uagb-post__image'>\n\t\t\t\t\t\t\t\t\t<a href=\"https:\/\/casatomada.es\/carambola\/espectaculos\/pliegos-de-cordel\/\" target=\"_self\" rel=\"bookmark noopener noreferrer\" class='uagb-image-ratio-inherit'><img loading=\"lazy\" decoding=\"async\" width=\"300\" height=\"300\" src=\"https:\/\/casatomada.es\/carambola\/wp-content\/uploads\/2025\/06\/Pliegos_cuadrada-300x300.jpeg\" class=\"attachment-medium size-medium\" alt=\"\" srcset=\"https:\/\/casatomada.es\/carambola\/wp-content\/uploads\/2025\/06\/Pliegos_cuadrada-300x300.jpeg 300w, https:\/\/casatomada.es\/carambola\/wp-content\/uploads\/2025\/06\/Pliegos_cuadrada-150x150.jpeg 150w, https:\/\/casatomada.es\/carambola\/wp-content\/uploads\/2025\/06\/Pliegos_cuadrada.jpeg 768w\" sizes=\"auto, (max-width: 300px) 100vw, 300px\" \/>\t\t\t\t\t<\/a>\n\t\t\t\t\t\t\t<\/div>\n\t\t\t\t\t\t<h4 class=\"uagb-post__title uagb-post__text\">\n\t\t\t\t<a href=\"https:\/\/casatomada.es\/carambola\/espectaculos\/pliegos-de-cordel\/\" target=\"_self\" rel=\"bookmark noopener noreferrer\">PLIEGOS DE CORDEL<\/a>\n\t\t\t<\/h4>\n\t\t\t\t\t\t<div class='uagb-post__text uagb-post-grid-byline'>\n\t\t\t\t\t\t\t<\/div>\n\t\t\t\t\t\t\t<div class='uagb-post__text uagb-post__excerpt'>\n\t\t\t\t\tIrene Reina<br>\n(Narraci\u00f3n oral y canci\u00f3n)<br>\nPatio \u00b7 12 h\t\t\t\t<\/div>\n\t\t\t\t\t\t<div class=\"uagb-post__text uagb-post__cta wp-block-button\">\n\t\t\t\t<a class=\"wp-block-button__link uagb-text-link\" style=\"\" href=\"https:\/\/casatomada.es\/carambola\/espectaculos\/pliegos-de-cordel\/\" target=\"_self\" rel=\"bookmark noopener noreferrer\">+INFO<\/a>\n\t\t\t<\/div>\n\t\t\t\n\t\t\t\t\t\t\t\t\t<\/article>\n\t\t\t\t\t\t\t\t\t\t\t\t\t\t\t\t<article class=\"uagb-post__inner-wrap\">\t\t\t\t\t\t\t\t<div class='uagb-post__image'>\n\t\t\t\t\t\t\t\t\t<a href=\"https:\/\/casatomada.es\/carambola\/espectaculos\/cuentos-de-pocas-luces\/\" target=\"_self\" rel=\"bookmark noopener noreferrer\" class='uagb-image-ratio-inherit'><img loading=\"lazy\" decoding=\"async\" width=\"300\" height=\"300\" src=\"https:\/\/casatomada.es\/carambola\/wp-content\/uploads\/2025\/06\/A-la-Sombrita_cuadrada-300x300.jpg\" class=\"attachment-medium size-medium\" alt=\"\" srcset=\"https:\/\/casatomada.es\/carambola\/wp-content\/uploads\/2025\/06\/A-la-Sombrita_cuadrada-300x300.jpg 300w, https:\/\/casatomada.es\/carambola\/wp-content\/uploads\/2025\/06\/A-la-Sombrita_cuadrada-1024x1024.jpg 1024w, https:\/\/casatomada.es\/carambola\/wp-content\/uploads\/2025\/06\/A-la-Sombrita_cuadrada-150x150.jpg 150w, https:\/\/casatomada.es\/carambola\/wp-content\/uploads\/2025\/06\/A-la-Sombrita_cuadrada-768x768.jpg 768w, https:\/\/casatomada.es\/carambola\/wp-content\/uploads\/2025\/06\/A-la-Sombrita_cuadrada-1536x1536.jpg 1536w, https:\/\/casatomada.es\/carambola\/wp-content\/uploads\/2025\/06\/A-la-Sombrita_cuadrada.jpg 2026w\" sizes=\"auto, (max-width: 300px) 100vw, 300px\" \/>\t\t\t\t\t<\/a>\n\t\t\t\t\t\t\t<\/div>\n\t\t\t\t\t\t<h4 class=\"uagb-post__title uagb-post__text\">\n\t\t\t\t<a href=\"https:\/\/casatomada.es\/carambola\/espectaculos\/cuentos-de-pocas-luces\/\" target=\"_self\" rel=\"bookmark noopener noreferrer\">CUENTOS DE POCAS LUCES<\/a>\n\t\t\t<\/h4>\n\t\t\t\t\t\t<div class='uagb-post__text uagb-post-grid-byline'>\n\t\t\t\t\t\t\t<\/div>\n\t\t\t\t\t\t\t<div class='uagb-post__text uagb-post__excerpt'>\n\t\t\t\t\tA la Sombrita<br>\n(Teatro)<br>\nAuditorio \u00b7 13 h\n\t\t\t\t<\/div>\n\t\t\t\t\t\t<div class=\"uagb-post__text uagb-post__cta wp-block-button\">\n\t\t\t\t<a class=\"wp-block-button__link uagb-text-link\" style=\"\" href=\"https:\/\/casatomada.es\/carambola\/espectaculos\/cuentos-de-pocas-luces\/\" target=\"_self\" rel=\"bookmark noopener noreferrer\">+INFO<\/a>\n\t\t\t<\/div>\n\t\t\t\n\t\t\t\t\t\t\t\t\t<\/article>\n\t\t\t\t\t\t\t\t\t\t\t\t\t\t\t\t<article class=\"uagb-post__inner-wrap\">\t\t\t\t\t\t\t\t<div class='uagb-post__image'>\n\t\t\t\t\t\t\t\t\t<a href=\"https:\/\/casatomada.es\/carambola\/espectaculos\/electropoemas\/\" target=\"_self\" rel=\"bookmark noopener noreferrer\" class='uagb-image-ratio-inherit'><img loading=\"lazy\" decoding=\"async\" width=\"300\" height=\"300\" src=\"https:\/\/casatomada.es\/carambola\/wp-content\/uploads\/2025\/07\/electropoesia_cuadrada-300x300.png\" class=\"attachment-medium size-medium\" alt=\"\" srcset=\"https:\/\/casatomada.es\/carambola\/wp-content\/uploads\/2025\/07\/electropoesia_cuadrada-300x300.png 300w, https:\/\/casatomada.es\/carambola\/wp-content\/uploads\/2025\/07\/electropoesia_cuadrada-1024x1024.png 1024w, https:\/\/casatomada.es\/carambola\/wp-content\/uploads\/2025\/07\/electropoesia_cuadrada-150x150.png 150w, https:\/\/casatomada.es\/carambola\/wp-content\/uploads\/2025\/07\/electropoesia_cuadrada-768x768.png 768w, https:\/\/casatomada.es\/carambola\/wp-content\/uploads\/2025\/07\/electropoesia_cuadrada.png 1080w\" sizes=\"auto, (max-width: 300px) 100vw, 300px\" \/>\t\t\t\t\t<\/a>\n\t\t\t\t\t\t\t<\/div>\n\t\t\t\t\t\t<h4 class=\"uagb-post__title uagb-post__text\">\n\t\t\t\t<a href=\"https:\/\/casatomada.es\/carambola\/espectaculos\/electropoemas\/\" target=\"_self\" rel=\"bookmark noopener noreferrer\">ELECTROPOEMAS<\/a>\n\t\t\t<\/h4>\n\t\t\t\t\t\t<div class='uagb-post__text uagb-post-grid-byline'>\n\t\t\t\t\t\t\t<\/div>\n\t\t\t\t\t\t\t<div class='uagb-post__text uagb-post__excerpt'>\n\t\t\t\t\tAlbertina Barcel\u00f3<br>\n(Poes\u00eda, beatbox y electr\u00f3nica)<br>\nAuditorio \u00b7 17 h<br>\t\t\t\t<\/div>\n\t\t\t\t\t\t<div class=\"uagb-post__text uagb-post__cta wp-block-button\">\n\t\t\t\t<a class=\"wp-block-button__link uagb-text-link\" style=\"\" href=\"https:\/\/casatomada.es\/carambola\/espectaculos\/electropoemas\/\" target=\"_self\" rel=\"bookmark noopener noreferrer\">+INFO<\/a>\n\t\t\t<\/div>\n\t\t\t\n\t\t\t\t\t\t\t\t\t<\/article>\n\t\t\t\t\t\t\t\t\t\t\t\t\t\t\t\t<article class=\"uagb-post__inner-wrap\">\t\t\t\t\t\t\t\t<div class='uagb-post__image'>\n\t\t\t\t\t\t\t\t\t<a href=\"https:\/\/casatomada.es\/carambola\/espectaculos\/un-telefono-y-una-maquina-de-escribir\/\" target=\"_self\" rel=\"bookmark noopener noreferrer\" class='uagb-image-ratio-inherit'><img loading=\"lazy\" decoding=\"async\" width=\"300\" height=\"300\" src=\"https:\/\/casatomada.es\/carambola\/wp-content\/uploads\/2025\/06\/carloco_cuadrada-300x300.png\" class=\"attachment-medium size-medium\" alt=\"\" srcset=\"https:\/\/casatomada.es\/carambola\/wp-content\/uploads\/2025\/06\/carloco_cuadrada-300x300.png 300w, https:\/\/casatomada.es\/carambola\/wp-content\/uploads\/2025\/06\/carloco_cuadrada-1024x1024.png 1024w, https:\/\/casatomada.es\/carambola\/wp-content\/uploads\/2025\/06\/carloco_cuadrada-150x150.png 150w, https:\/\/casatomada.es\/carambola\/wp-content\/uploads\/2025\/06\/carloco_cuadrada-768x768.png 768w, https:\/\/casatomada.es\/carambola\/wp-content\/uploads\/2025\/06\/carloco_cuadrada-1536x1536.png 1536w, https:\/\/casatomada.es\/carambola\/wp-content\/uploads\/2025\/06\/carloco_cuadrada.png 1929w\" sizes=\"auto, (max-width: 300px) 100vw, 300px\" \/>\t\t\t\t\t<\/a>\n\t\t\t\t\t\t\t<\/div>\n\t\t\t\t\t\t<h4 class=\"uagb-post__title uagb-post__text\">\n\t\t\t\t<a href=\"https:\/\/casatomada.es\/carambola\/espectaculos\/un-telefono-y-una-maquina-de-escribir\/\" target=\"_self\" rel=\"bookmark noopener noreferrer\">UN TEL\u00c9FONO Y UNA M\u00c1QUINA DE ESCRIBIR<\/a>\n\t\t\t<\/h4>\n\t\t\t\t\t\t<div class='uagb-post__text uagb-post-grid-byline'>\n\t\t\t\t\t\t\t<\/div>\n\t\t\t\t\t\t\t<div class='uagb-post__text uagb-post__excerpt'>\n\t\t\t\t\tCarloco<br>\n(Narraci\u00f3n oral)<br>\nPatio \u00b7 17 h<br>\t\t\t\t<\/div>\n\t\t\t\t\t\t<div class=\"uagb-post__text uagb-post__cta wp-block-button\">\n\t\t\t\t<a class=\"wp-block-button__link uagb-text-link\" style=\"\" href=\"https:\/\/casatomada.es\/carambola\/espectaculos\/un-telefono-y-una-maquina-de-escribir\/\" target=\"_self\" rel=\"bookmark noopener noreferrer\">+INFO<\/a>\n\t\t\t<\/div>\n\t\t\t\n\t\t\t\t\t\t\t\t\t<\/article>\n\t\t\t\t\t\t\t\t\t\t\t\t\t\t\t\t<article class=\"uagb-post__inner-wrap\">\t\t\t\t\t\t\t\t<div class='uagb-post__image'>\n\t\t\t\t\t\t\t\t\t<a href=\"https:\/\/casatomada.es\/carambola\/espectaculos\/cuentos-improvisados\/\" target=\"_self\" rel=\"bookmark noopener noreferrer\" class='uagb-image-ratio-inherit'><img loading=\"lazy\" decoding=\"async\" width=\"300\" height=\"300\" src=\"https:\/\/casatomada.es\/carambola\/wp-content\/uploads\/2025\/07\/Juan-Gamba_cuadrada-300x300.jpg\" class=\"attachment-medium size-medium\" alt=\"\" srcset=\"https:\/\/casatomada.es\/carambola\/wp-content\/uploads\/2025\/07\/Juan-Gamba_cuadrada-300x300.jpg 300w, https:\/\/casatomada.es\/carambola\/wp-content\/uploads\/2025\/07\/Juan-Gamba_cuadrada-150x150.jpg 150w, https:\/\/casatomada.es\/carambola\/wp-content\/uploads\/2025\/07\/Juan-Gamba_cuadrada.jpg 375w\" sizes=\"auto, (max-width: 300px) 100vw, 300px\" \/>\t\t\t\t\t<\/a>\n\t\t\t\t\t\t\t<\/div>\n\t\t\t\t\t\t<h4 class=\"uagb-post__title uagb-post__text\">\n\t\t\t\t<a href=\"https:\/\/casatomada.es\/carambola\/espectaculos\/cuentos-improvisados\/\" target=\"_self\" rel=\"bookmark noopener noreferrer\">CUENTOS IMPROVISADOS<\/a>\n\t\t\t<\/h4>\n\t\t\t\t\t\t<div class='uagb-post__text uagb-post-grid-byline'>\n\t\t\t\t\t\t\t<\/div>\n\t\t\t\t\t\t\t<div class='uagb-post__text uagb-post__excerpt'>\n\t\t\t\t\tCon Juan Gamba<br>\n(Espect\u00e1culo de impro y narraci\u00f3n)<br>\nPatio \u00b7 18.30 h<br>\t\t\t\t<\/div>\n\t\t\t\t\t\t<div class=\"uagb-post__text uagb-post__cta wp-block-button\">\n\t\t\t\t<a class=\"wp-block-button__link uagb-text-link\" style=\"\" href=\"https:\/\/casatomada.es\/carambola\/espectaculos\/cuentos-improvisados\/\" target=\"_self\" rel=\"bookmark noopener noreferrer\">+INFO<\/a>\n\t\t\t<\/div>\n\t\t\t\n\t\t\t\t\t\t\t\t\t<\/article>\n\t\t\t\t\t\t\t\t\t\t\t\t\t\t\t\t<article class=\"uagb-post__inner-wrap\">\t\t\t\t\t\t\t\t<div class='uagb-post__image'>\n\t\t\t\t\t\t\t\t\t<a href=\"https:\/\/casatomada.es\/carambola\/espectaculos\/leovoluntarios\/\" target=\"_self\" rel=\"bookmark noopener noreferrer\" class='uagb-image-ratio-inherit'><img loading=\"lazy\" decoding=\"async\" width=\"300\" height=\"300\" src=\"https:\/\/casatomada.es\/carambola\/wp-content\/uploads\/2025\/09\/Belen-LEOVOLUNTARIO_cuadrada-300x300.jpg\" class=\"attachment-medium size-medium\" alt=\"\" srcset=\"https:\/\/casatomada.es\/carambola\/wp-content\/uploads\/2025\/09\/Belen-LEOVOLUNTARIO_cuadrada-300x300.jpg 300w, https:\/\/casatomada.es\/carambola\/wp-content\/uploads\/2025\/09\/Belen-LEOVOLUNTARIO_cuadrada-1024x1024.jpg 1024w, https:\/\/casatomada.es\/carambola\/wp-content\/uploads\/2025\/09\/Belen-LEOVOLUNTARIO_cuadrada-150x150.jpg 150w, https:\/\/casatomada.es\/carambola\/wp-content\/uploads\/2025\/09\/Belen-LEOVOLUNTARIO_cuadrada-768x768.jpg 768w, https:\/\/casatomada.es\/carambola\/wp-content\/uploads\/2025\/09\/Belen-LEOVOLUNTARIO_cuadrada.jpg 1255w\" sizes=\"auto, (max-width: 300px) 100vw, 300px\" \/>\t\t\t\t\t<\/a>\n\t\t\t\t\t\t\t<\/div>\n\t\t\t\t\t\t<h4 class=\"uagb-post__title uagb-post__text\">\n\t\t\t\t<a href=\"https:\/\/casatomada.es\/carambola\/espectaculos\/leovoluntarios\/\" target=\"_self\" rel=\"bookmark noopener noreferrer\">LEOVOLUNTARIOS<\/a>\n\t\t\t<\/h4>\n\t\t\t\t\t\t<div class='uagb-post__text uagb-post-grid-byline'>\n\t\t\t\t\t\t\t<\/div>\n\t\t\t\t\t\t\t<div class='uagb-post__text uagb-post__excerpt'>\n\t\t\t\t\tDown Sevilla<br>\n(Narraci\u00f3n oral)<br>\nAuditorio \u00b7 19.30 h\n\t\t\t\t<\/div>\n\t\t\t\t\t\t<div class=\"uagb-post__text uagb-post__cta wp-block-button\">\n\t\t\t\t<a class=\"wp-block-button__link uagb-text-link\" style=\"\" href=\"https:\/\/casatomada.es\/carambola\/espectaculos\/leovoluntarios\/\" target=\"_self\" rel=\"bookmark noopener noreferrer\">+INFO<\/a>\n\t\t\t<\/div>\n\t\t\t\n\t\t\t\t\t\t\t\t\t<\/article>\n\t\t\t\t\t\t\t\t\t\t\t\t\t\t\t\t<article class=\"uagb-post__inner-wrap\">\t\t\t\t\t\t\t\t<div class='uagb-post__image'>\n\t\t\t\t\t\t\t\t\t<a href=\"https:\/\/casatomada.es\/carambola\/espectaculos\/la-fantastica-banda\/\" target=\"_self\" rel=\"bookmark noopener noreferrer\" class='uagb-image-ratio-inherit'><img loading=\"lazy\" decoding=\"async\" width=\"300\" height=\"300\" src=\"https:\/\/casatomada.es\/carambola\/wp-content\/uploads\/2025\/06\/LFB-TRIO_conROBBIE_cuadrada-300x300.jpg\" class=\"attachment-medium size-medium\" alt=\"\" srcset=\"https:\/\/casatomada.es\/carambola\/wp-content\/uploads\/2025\/06\/LFB-TRIO_conROBBIE_cuadrada-300x300.jpg 300w, https:\/\/casatomada.es\/carambola\/wp-content\/uploads\/2025\/06\/LFB-TRIO_conROBBIE_cuadrada-1024x1024.jpg 1024w, https:\/\/casatomada.es\/carambola\/wp-content\/uploads\/2025\/06\/LFB-TRIO_conROBBIE_cuadrada-150x150.jpg 150w, https:\/\/casatomada.es\/carambola\/wp-content\/uploads\/2025\/06\/LFB-TRIO_conROBBIE_cuadrada-768x768.jpg 768w, https:\/\/casatomada.es\/carambola\/wp-content\/uploads\/2025\/06\/LFB-TRIO_conROBBIE_cuadrada-1536x1536.jpg 1536w, https:\/\/casatomada.es\/carambola\/wp-content\/uploads\/2025\/06\/LFB-TRIO_conROBBIE_cuadrada-2048x2048.jpg 2048w\" sizes=\"auto, (max-width: 300px) 100vw, 300px\" \/>\t\t\t\t\t<\/a>\n\t\t\t\t\t\t\t<\/div>\n\t\t\t\t\t\t<h4 class=\"uagb-post__title uagb-post__text\">\n\t\t\t\t<a href=\"https:\/\/casatomada.es\/carambola\/espectaculos\/la-fantastica-banda\/\" target=\"_self\" rel=\"bookmark noopener noreferrer\">LA FANT\u00c1STICA BANDA<\/a>\n\t\t\t<\/h4>\n\t\t\t\t\t\t<div class='uagb-post__text uagb-post-grid-byline'>\n\t\t\t\t\t\t\t<\/div>\n\t\t\t\t\t\t\t<div class='uagb-post__text uagb-post__excerpt'>\n\t\t\t\t\t(Concierto)<br>\nPatio \u00b7 20 h<br>\t\t\t\t<\/div>\n\t\t\t\t\t\t<div class=\"uagb-post__text uagb-post__cta wp-block-button\">\n\t\t\t\t<a class=\"wp-block-button__link uagb-text-link\" style=\"\" href=\"https:\/\/casatomada.es\/carambola\/espectaculos\/la-fantastica-banda\/\" target=\"_self\" rel=\"bookmark noopener noreferrer\">+INFO<\/a>\n\t\t\t<\/div>\n\t\t\t\n\t\t\t\t\t\t\t\t\t<\/article>\n\t\t\t\t\t\t\t\t\t\t\t<\/div>\n\t\t\t","protected":false},"excerpt":{"rendered":"<p>La entrada es libre para todos los espect\u00e1culos, hasta completar aforo. Las edades recomendadas para cada uno son meramente orientativas, indicadas por los propios artistas. Pod\u00e9is acudir con ni\u00f1os y ni\u00f1as m\u00e1s peque\u00f1os si consider\u00e1is que sabr\u00e1n disfrutarlos.<\/p>\n","protected":false},"author":1,"featured_media":0,"parent":0,"menu_order":0,"comment_status":"closed","ping_status":"closed","template":"","meta":{"_uag_custom_page_level_css":"","footnotes":""},"class_list":["post-111","page","type-page","status-publish","hentry"],"uagb_featured_image_src":{"full":false,"thumbnail":false,"medium":false,"medium_large":false,"large":false,"1536x1536":false,"2048x2048":false},"uagb_author_info":{"display_name":"admin","author_link":"https:\/\/casatomada.es\/carambola\/author\/admin\/"},"uagb_comment_info":0,"uagb_excerpt":"La entrada es libre para todos los espect\u00e1culos, hasta completar aforo. Las edades recomendadas para cada uno son meramente orientativas, indicadas por los propios artistas. Pod\u00e9is acudir con ni\u00f1os y ni\u00f1as m\u00e1s peque\u00f1os si consider\u00e1is que sabr\u00e1n disfrutarlos.","_links":{"self":[{"href":"https:\/\/casatomada.es\/carambola\/wp-json\/wp\/v2\/pages\/111","targetHints":{"allow":["GET"]}}],"collection":[{"href":"https:\/\/casatomada.es\/carambola\/wp-json\/wp\/v2\/pages"}],"about":[{"href":"https:\/\/casatomada.es\/carambola\/wp-json\/wp\/v2\/types\/page"}],"author":[{"embeddable":true,"href":"https:\/\/casatomada.es\/carambola\/wp-json\/wp\/v2\/users\/1"}],"replies":[{"embeddable":true,"href":"https:\/\/casatomada.es\/carambola\/wp-json\/wp\/v2\/comments?post=111"}],"version-history":[{"count":26,"href":"https:\/\/casatomada.es\/carambola\/wp-json\/wp\/v2\/pages\/111\/revisions"}],"predecessor-version":[{"id":967,"href":"https:\/\/casatomada.es\/carambola\/wp-json\/wp\/v2\/pages\/111\/revisions\/967"}],"wp:attachment":[{"href":"https:\/\/casatomada.es\/carambola\/wp-json\/wp\/v2\/media?parent=111"}],"curies":[{"name":"wp","href":"https:\/\/api.w.org\/{rel}","templated":true}]}}