{"id":93,"date":"2025-05-20T12:12:24","date_gmt":"2025-05-20T12:12:24","guid":{"rendered":"https:\/\/casatomada.es\/carambola\/?page_id=93"},"modified":"2025-09-04T21:01:47","modified_gmt":"2025-09-04T21:01:47","slug":"talleres","status":"publish","type":"page","link":"https:\/\/casatomada.es\/carambola\/talleres\/","title":{"rendered":"Talleres"},"content":{"rendered":"\n<p style=\"font-style:normal;font-weight:700\">Los talleres tienen plazas reducidas, por lo que ser\u00e1 necesario reservar plaza por adelantado. <mark style=\"background-color:rgba(0, 0, 0, 0)\" class=\"has-inline-color has-primary-color\">Estar\u00e1n disponibles a trav\u00e9s de la plataforma Entradium a partir del lunes 8 de septiembre a un precio simb\u00f3lico de 3 \u20ac<\/mark> (y luego os las canjearemos por un vale de descuento equivalente para la librer\u00eda durante el festival).<\/p>\n\n\n\n<p style=\"font-style:normal;font-weight:700\"><mark style=\"background-color:rgba(0, 0, 0, 0)\" class=\"has-inline-color has-primary-color\">IMPORTANTE:<\/mark> En caso de retraso o no asistencia, rogamos que nos avis\u00e9is. De lo contrario, y para evitar que se queden huecos vac\u00edos, <mark style=\"background-color:rgba(0, 0, 0, 0)\" class=\"has-inline-color has-primary-color\">las reservas se liberar\u00e1n a los 5 minutos del comienzo de cada taller<\/mark>. Por favor, \u00a1sed puntuales!<\/p>\n\n\n\n<div style=\"height:25px\" aria-hidden=\"true\" class=\"wp-block-spacer\"><\/div>\n\n\n\n\t\t\t<div class=\"wp-block-uagb-post-grid uagb-post-grid title-background-color: #45698 uagb-post__image-position-top uagb-post__image-enabled uagb-block-c9a22583     uagb-post__items uagb-post__columns-3 is-grid uagb-post__columns-tablet-2 uagb-post__columns-mobile-1 uagb-post__equal-height uagb-equal_height_inline-read-more-buttons\" data-total=\"1\" style=\"\">\n\n\t\t\t\t\t\t\t\t\t\t\t\t<article class=\"uagb-post__inner-wrap\">\t\t\t\t\t\t\t\t<div class='uagb-post__image'>\n\t\t\t\t\t\t\t\t\t<a href=\"https:\/\/casatomada.es\/carambola\/talleres\/arriba-las-manos\/\" target=\"_self\" rel=\"bookmark noopener noreferrer\" class='uagb-image-ratio-inherit'><img loading=\"lazy\" decoding=\"async\" width=\"300\" height=\"300\" src=\"https:\/\/casatomada.es\/carambola\/wp-content\/uploads\/2025\/07\/alicia_web_cuadrada-300x300.jpg\" class=\"attachment-medium size-medium\" alt=\"\" srcset=\"https:\/\/casatomada.es\/carambola\/wp-content\/uploads\/2025\/07\/alicia_web_cuadrada-300x300.jpg 300w, https:\/\/casatomada.es\/carambola\/wp-content\/uploads\/2025\/07\/alicia_web_cuadrada-150x150.jpg 150w, https:\/\/casatomada.es\/carambola\/wp-content\/uploads\/2025\/07\/alicia_web_cuadrada.jpg 333w\" sizes=\"auto, (max-width: 300px) 100vw, 300px\" \/>\t\t\t\t\t<\/a>\n\t\t\t\t\t\t\t<\/div>\n\t\t\t\t\t\t<h4 class=\"uagb-post__title uagb-post__text\">\n\t\t\t\t<a href=\"https:\/\/casatomada.es\/carambola\/talleres\/arriba-las-manos\/\" target=\"_self\" rel=\"bookmark noopener noreferrer\">\u00a1ARRIBA LAS MANOS!<\/a>\n\t\t\t<\/h4>\n\t\t\t\t\t\t<div class='uagb-post__text uagb-post-grid-byline'>\n\t\t\t\t\t\t\t<\/div>\n\t\t\t\t\t\t\t<div class='uagb-post__text uagb-post__excerpt'>\n\t\t\t\t\tTaller de narraci\u00f3n oral y canci\u00f3n con Alicia Bulul\u00fa.<br>\n(de 0 a 3 a\u00f1os)<br>\nGuarida de lectura \u00b7 11 h<br>\n\t\t\t\t<\/div>\n\t\t\t\t\t\t<div class=\"uagb-post__text uagb-post__cta wp-block-button\">\n\t\t\t\t<a class=\"wp-block-button__link uagb-text-link\" style=\"\" href=\"https:\/\/casatomada.es\/carambola\/talleres\/arriba-las-manos\/\" target=\"_self\" rel=\"bookmark noopener noreferrer\">+INFO<\/a>\n\t\t\t<\/div>\n\t\t\t\n\t\t\t\t\t\t\t\t\t<\/article>\n\t\t\t\t\t\t\t\t\t\t\t\t\t\t\t\t<article class=\"uagb-post__inner-wrap\">\t\t\t\t\t\t\t\t<div class='uagb-post__image'>\n\t\t\t\t\t\t\t\t\t<a href=\"https:\/\/casatomada.es\/carambola\/talleres\/crea-tu-propio-juego\/\" target=\"_self\" rel=\"bookmark noopener noreferrer\" class='uagb-image-ratio-inherit'><img loading=\"lazy\" decoding=\"async\" width=\"300\" height=\"300\" src=\"https:\/\/casatomada.es\/carambola\/wp-content\/uploads\/2025\/07\/Mamarrachine-Mesa_cuadrada-300x300.png\" class=\"attachment-medium size-medium\" alt=\"\" srcset=\"https:\/\/casatomada.es\/carambola\/wp-content\/uploads\/2025\/07\/Mamarrachine-Mesa_cuadrada-300x300.png 300w, https:\/\/casatomada.es\/carambola\/wp-content\/uploads\/2025\/07\/Mamarrachine-Mesa_cuadrada-1024x1024.png 1024w, https:\/\/casatomada.es\/carambola\/wp-content\/uploads\/2025\/07\/Mamarrachine-Mesa_cuadrada-150x150.png 150w, https:\/\/casatomada.es\/carambola\/wp-content\/uploads\/2025\/07\/Mamarrachine-Mesa_cuadrada-768x768.png 768w, https:\/\/casatomada.es\/carambola\/wp-content\/uploads\/2025\/07\/Mamarrachine-Mesa_cuadrada.png 1536w\" sizes=\"auto, (max-width: 300px) 100vw, 300px\" \/>\t\t\t\t\t<\/a>\n\t\t\t\t\t\t\t<\/div>\n\t\t\t\t\t\t<h4 class=\"uagb-post__title uagb-post__text\">\n\t\t\t\t<a href=\"https:\/\/casatomada.es\/carambola\/talleres\/crea-tu-propio-juego\/\" target=\"_self\" rel=\"bookmark noopener noreferrer\">CREA TU PROPIO JUEGO<\/a>\n\t\t\t<\/h4>\n\t\t\t\t\t\t<div class='uagb-post__text uagb-post-grid-byline'>\n\t\t\t\t\t\t\t<\/div>\n\t\t\t\t\t\t\t<div class='uagb-post__text uagb-post__excerpt'>\n\t\t\t\t\tTaller de juegos de mesa con Mamarrachine.<br>\n(+8 a\u00f1os)<br>\nSala de talleres \u00b7 11 h \u00f3 16 h\n\t\t\t\t<\/div>\n\t\t\t\t\t\t<div class=\"uagb-post__text uagb-post__cta wp-block-button\">\n\t\t\t\t<a class=\"wp-block-button__link uagb-text-link\" style=\"\" href=\"https:\/\/casatomada.es\/carambola\/talleres\/crea-tu-propio-juego\/\" target=\"_self\" rel=\"bookmark noopener noreferrer\">+INFO<\/a>\n\t\t\t<\/div>\n\t\t\t\n\t\t\t\t\t\t\t\t\t<\/article>\n\t\t\t\t\t\t\t\t\t\t\t\t\t\t\t\t<article class=\"uagb-post__inner-wrap\">\t\t\t\t\t\t\t\t<div class='uagb-post__image'>\n\t\t\t\t\t\t\t\t\t<a href=\"https:\/\/casatomada.es\/carambola\/talleres\/contar-con-vinetas\/\" target=\"_self\" rel=\"bookmark noopener noreferrer\" class='uagb-image-ratio-inherit'><img loading=\"lazy\" decoding=\"async\" width=\"300\" height=\"300\" src=\"https:\/\/casatomada.es\/carambola\/wp-content\/uploads\/2025\/09\/Taller_Comic_Y_Manga_Para_Ninos-300x300.png\" class=\"attachment-medium size-medium\" alt=\"\" \/>\t\t\t\t\t<\/a>\n\t\t\t\t\t\t\t<\/div>\n\t\t\t\t\t\t<h4 class=\"uagb-post__title uagb-post__text\">\n\t\t\t\t<a href=\"https:\/\/casatomada.es\/carambola\/talleres\/contar-con-vinetas\/\" target=\"_self\" rel=\"bookmark noopener noreferrer\">CONTAR CON VI\u00d1ETAS<\/a>\n\t\t\t<\/h4>\n\t\t\t\t\t\t<div class='uagb-post__text uagb-post-grid-byline'>\n\t\t\t\t\t\t\t<\/div>\n\t\t\t\t\t\t\t<div class='uagb-post__text uagb-post__excerpt'>\n\t\t\t\t\tTaller de c\u00f3mics con Grillante.<br>\n(+6 a\u00f1os)<br>\nSala de talleres \u00b7 12 h\t\t\t\t<\/div>\n\t\t\t\t\t\t<div class=\"uagb-post__text uagb-post__cta wp-block-button\">\n\t\t\t\t<a class=\"wp-block-button__link uagb-text-link\" style=\"\" href=\"https:\/\/casatomada.es\/carambola\/talleres\/contar-con-vinetas\/\" target=\"_self\" rel=\"bookmark noopener noreferrer\">+INFO<\/a>\n\t\t\t<\/div>\n\t\t\t\n\t\t\t\t\t\t\t\t\t<\/article>\n\t\t\t\t\t\t\t\t\t\t\t\t\t\t\t\t<article class=\"uagb-post__inner-wrap\">\t\t\t\t\t\t\t\t<div class='uagb-post__image'>\n\t\t\t\t\t\t\t\t\t<a href=\"https:\/\/casatomada.es\/carambola\/talleres\/album-ilustrado\/\" target=\"_self\" rel=\"bookmark noopener noreferrer\" class='uagb-image-ratio-inherit'><img loading=\"lazy\" decoding=\"async\" width=\"300\" height=\"300\" src=\"https:\/\/casatomada.es\/carambola\/wp-content\/uploads\/2025\/07\/MeriMerino_cuadrada-300x300.jpg\" class=\"attachment-medium size-medium\" alt=\"\" srcset=\"https:\/\/casatomada.es\/carambola\/wp-content\/uploads\/2025\/07\/MeriMerino_cuadrada-300x300.jpg 300w, https:\/\/casatomada.es\/carambola\/wp-content\/uploads\/2025\/07\/MeriMerino_cuadrada-150x150.jpg 150w, https:\/\/casatomada.es\/carambola\/wp-content\/uploads\/2025\/07\/MeriMerino_cuadrada-768x768.jpg 768w, https:\/\/casatomada.es\/carambola\/wp-content\/uploads\/2025\/07\/MeriMerino_cuadrada.jpg 859w\" sizes=\"auto, (max-width: 300px) 100vw, 300px\" \/>\t\t\t\t\t<\/a>\n\t\t\t\t\t\t\t<\/div>\n\t\t\t\t\t\t<h4 class=\"uagb-post__title uagb-post__text\">\n\t\t\t\t<a href=\"https:\/\/casatomada.es\/carambola\/talleres\/album-ilustrado\/\" target=\"_self\" rel=\"bookmark noopener noreferrer\">\u00c1LBUM ILUSTRADO<\/a>\n\t\t\t<\/h4>\n\t\t\t\t\t\t<div class='uagb-post__text uagb-post-grid-byline'>\n\t\t\t\t\t\t\t<\/div>\n\t\t\t\t\t\t\t<div class='uagb-post__text uagb-post__excerpt'>\n\t\t\t\t\tTaller de ilustraci\u00f3n con Meri Merino.<br>\n(+8 a\u00f1os)<br>\nSala de talleres \u00b7 13 h\t\t\t\t<\/div>\n\t\t\t\t\t\t<div class=\"uagb-post__text uagb-post__cta wp-block-button\">\n\t\t\t\t<a class=\"wp-block-button__link uagb-text-link\" style=\"\" href=\"https:\/\/casatomada.es\/carambola\/talleres\/album-ilustrado\/\" target=\"_self\" rel=\"bookmark noopener noreferrer\">+INFO<\/a>\n\t\t\t<\/div>\n\t\t\t\n\t\t\t\t\t\t\t\t\t<\/article>\n\t\t\t\t\t\t\t\t\t\t\t\t\t\t\t\t<article class=\"uagb-post__inner-wrap\">\t\t\t\t\t\t\t\t<div class='uagb-post__image'>\n\t\t\t\t\t\t\t\t\t<a href=\"https:\/\/casatomada.es\/carambola\/talleres\/rimar-no-rima-con-rimar\/\" target=\"_self\" rel=\"bookmark noopener noreferrer\" class='uagb-image-ratio-inherit'><img loading=\"lazy\" decoding=\"async\" width=\"300\" height=\"300\" src=\"https:\/\/casatomada.es\/carambola\/wp-content\/uploads\/2025\/09\/rimar-300x300.jpg\" class=\"attachment-medium size-medium\" alt=\"\" srcset=\"https:\/\/casatomada.es\/carambola\/wp-content\/uploads\/2025\/09\/rimar-300x300.jpg 300w, https:\/\/casatomada.es\/carambola\/wp-content\/uploads\/2025\/09\/rimar-150x150.jpg 150w, https:\/\/casatomada.es\/carambola\/wp-content\/uploads\/2025\/09\/rimar.jpg 459w\" sizes=\"auto, (max-width: 300px) 100vw, 300px\" \/>\t\t\t\t\t<\/a>\n\t\t\t\t\t\t\t<\/div>\n\t\t\t\t\t\t<h4 class=\"uagb-post__title uagb-post__text\">\n\t\t\t\t<a href=\"https:\/\/casatomada.es\/carambola\/talleres\/rimar-no-rima-con-rimar\/\" target=\"_self\" rel=\"bookmark noopener noreferrer\">RIMAR NO RIMA CON RIMAR<\/a>\n\t\t\t<\/h4>\n\t\t\t\t\t\t<div class='uagb-post__text uagb-post-grid-byline'>\n\t\t\t\t\t\t\t<\/div>\n\t\t\t\t\t\t\t<div class='uagb-post__text uagb-post__excerpt'>\n\t\t\t\t\tTaller de poes\u00eda con Laura R. Garc\u00eda.<br>\n(+6 a\u00f1os)<br>\nSala de talleres \u00b7 17 h\t\t\t\t<\/div>\n\t\t\t\t\t\t<div class=\"uagb-post__text uagb-post__cta wp-block-button\">\n\t\t\t\t<a class=\"wp-block-button__link uagb-text-link\" style=\"\" href=\"https:\/\/casatomada.es\/carambola\/talleres\/rimar-no-rima-con-rimar\/\" target=\"_self\" rel=\"bookmark noopener noreferrer\">+INFO<\/a>\n\t\t\t<\/div>\n\t\t\t\n\t\t\t\t\t\t\t\t\t<\/article>\n\t\t\t\t\t\t\t\t\t\t\t\t\t\t\t\t<article class=\"uagb-post__inner-wrap\">\t\t\t\t\t\t\t\t<div class='uagb-post__image'>\n\t\t\t\t\t\t\t\t\t<a href=\"https:\/\/casatomada.es\/carambola\/talleres\/lapiz-y-tijera\/\" target=\"_self\" rel=\"bookmark noopener noreferrer\" class='uagb-image-ratio-inherit'><img loading=\"lazy\" decoding=\"async\" width=\"300\" height=\"300\" src=\"https:\/\/casatomada.es\/carambola\/wp-content\/uploads\/2025\/09\/tijeras-300x300.jpg\" class=\"attachment-medium size-medium\" alt=\"\" srcset=\"https:\/\/casatomada.es\/carambola\/wp-content\/uploads\/2025\/09\/tijeras-300x300.jpg 300w, https:\/\/casatomada.es\/carambola\/wp-content\/uploads\/2025\/09\/tijeras-1024x1024.jpg 1024w, https:\/\/casatomada.es\/carambola\/wp-content\/uploads\/2025\/09\/tijeras-150x150.jpg 150w, https:\/\/casatomada.es\/carambola\/wp-content\/uploads\/2025\/09\/tijeras-768x768.jpg 768w, https:\/\/casatomada.es\/carambola\/wp-content\/uploads\/2025\/09\/tijeras-1536x1536.jpg 1536w, https:\/\/casatomada.es\/carambola\/wp-content\/uploads\/2025\/09\/tijeras.jpg 1920w\" sizes=\"auto, (max-width: 300px) 100vw, 300px\" \/>\t\t\t\t\t<\/a>\n\t\t\t\t\t\t\t<\/div>\n\t\t\t\t\t\t<h4 class=\"uagb-post__title uagb-post__text\">\n\t\t\t\t<a href=\"https:\/\/casatomada.es\/carambola\/talleres\/lapiz-y-tijera\/\" target=\"_self\" rel=\"bookmark noopener noreferrer\">L\u00c1PIZ Y TIJERA<\/a>\n\t\t\t<\/h4>\n\t\t\t\t\t\t<div class='uagb-post__text uagb-post-grid-byline'>\n\t\t\t\t\t\t\t<\/div>\n\t\t\t\t\t\t\t<div class='uagb-post__text uagb-post__excerpt'>\n\t\t\t\t\tTaller de <i>collage<\/i> con Laura R. Garc\u00eda.<br>\n(+10 a\u00f1os)<br>\nSala de talleres \u00b7 18 h\n\t\t\t\t<\/div>\n\t\t\t\t\t\t<div class=\"uagb-post__text uagb-post__cta wp-block-button\">\n\t\t\t\t<a class=\"wp-block-button__link uagb-text-link\" style=\"\" href=\"https:\/\/casatomada.es\/carambola\/talleres\/lapiz-y-tijera\/\" target=\"_self\" rel=\"bookmark noopener noreferrer\">+INFO<\/a>\n\t\t\t<\/div>\n\t\t\t\n\t\t\t\t\t\t\t\t\t<\/article>\n\t\t\t\t\t\t\t\t\t\t\t\t\t\t\t\t<article class=\"uagb-post__inner-wrap\">\t\t\t\t\t\t\t\t<div class='uagb-post__image'>\n\t\t\t\t\t\t\t\t\t<a href=\"https:\/\/casatomada.es\/carambola\/talleres\/tallerin-de-teatro\/\" target=\"_self\" rel=\"bookmark noopener noreferrer\" class='uagb-image-ratio-inherit'><img loading=\"lazy\" decoding=\"async\" width=\"300\" height=\"300\" src=\"https:\/\/casatomada.es\/carambola\/wp-content\/uploads\/2025\/09\/teatro-300x300.jpg\" class=\"attachment-medium size-medium\" alt=\"\" srcset=\"https:\/\/casatomada.es\/carambola\/wp-content\/uploads\/2025\/09\/teatro-300x300.jpg 300w, https:\/\/casatomada.es\/carambola\/wp-content\/uploads\/2025\/09\/teatro-1024x1024.jpg 1024w, https:\/\/casatomada.es\/carambola\/wp-content\/uploads\/2025\/09\/teatro-150x150.jpg 150w, https:\/\/casatomada.es\/carambola\/wp-content\/uploads\/2025\/09\/teatro-768x768.jpg 768w, https:\/\/casatomada.es\/carambola\/wp-content\/uploads\/2025\/09\/teatro.jpg 1284w\" sizes=\"auto, (max-width: 300px) 100vw, 300px\" \/>\t\t\t\t\t<\/a>\n\t\t\t\t\t\t\t<\/div>\n\t\t\t\t\t\t<h4 class=\"uagb-post__title uagb-post__text\">\n\t\t\t\t<a href=\"https:\/\/casatomada.es\/carambola\/talleres\/tallerin-de-teatro\/\" target=\"_self\" rel=\"bookmark noopener noreferrer\">TALLER\u00cdN DE TEATRO<\/a>\n\t\t\t<\/h4>\n\t\t\t\t\t\t<div class='uagb-post__text uagb-post-grid-byline'>\n\t\t\t\t\t\t\t<\/div>\n\t\t\t\t\t\t\t<div class='uagb-post__text uagb-post__excerpt'>\n\t\t\t\t\tCon Adri\u00e1n Daine.<br>\n(+8 a\u00f1os)<br>\nSala de talleres \u00b7 19 h\t\t\t\t<\/div>\n\t\t\t\t\t\t<div class=\"uagb-post__text uagb-post__cta wp-block-button\">\n\t\t\t\t<a class=\"wp-block-button__link uagb-text-link\" style=\"\" href=\"https:\/\/casatomada.es\/carambola\/talleres\/tallerin-de-teatro\/\" target=\"_self\" rel=\"bookmark noopener noreferrer\">+INFO<\/a>\n\t\t\t<\/div>\n\t\t\t\n\t\t\t\t\t\t\t\t\t<\/article>\n\t\t\t\t\t\t\t\t\t\t\t<\/div>\n\t\t\t","protected":false},"excerpt":{"rendered":"<p>Los talleres tienen plazas reducidas, por lo que ser\u00e1 necesario reservar plaza por adelantado. Estar\u00e1n disponibles a trav\u00e9s de la plataforma Entradium a partir del lunes 8 de septiembre a un precio simb\u00f3lico de 3 \u20ac (y luego os las canjearemos por un vale de descuento equivalente para la librer\u00eda durante el festival). IMPORTANTE: En [&hellip;]<\/p>\n","protected":false},"author":1,"featured_media":0,"parent":0,"menu_order":2,"comment_status":"closed","ping_status":"closed","template":"","meta":{"_uag_custom_page_level_css":"","footnotes":""},"class_list":["post-93","page","type-page","status-publish","hentry"],"uagb_featured_image_src":{"full":false,"thumbnail":false,"medium":false,"medium_large":false,"large":false,"1536x1536":false,"2048x2048":false},"uagb_author_info":{"display_name":"admin","author_link":"https:\/\/casatomada.es\/carambola\/author\/admin\/"},"uagb_comment_info":0,"uagb_excerpt":"Los talleres tienen plazas reducidas, por lo que ser\u00e1 necesario reservar plaza por adelantado. Estar\u00e1n disponibles a trav\u00e9s de la plataforma Entradium a partir del lunes 8 de septiembre a un precio simb\u00f3lico de 3 \u20ac (y luego os las canjearemos por un vale de descuento equivalente para la librer\u00eda durante el festival). IMPORTANTE: En&hellip;","_links":{"self":[{"href":"https:\/\/casatomada.es\/carambola\/wp-json\/wp\/v2\/pages\/93","targetHints":{"allow":["GET"]}}],"collection":[{"href":"https:\/\/casatomada.es\/carambola\/wp-json\/wp\/v2\/pages"}],"about":[{"href":"https:\/\/casatomada.es\/carambola\/wp-json\/wp\/v2\/types\/page"}],"author":[{"embeddable":true,"href":"https:\/\/casatomada.es\/carambola\/wp-json\/wp\/v2\/users\/1"}],"replies":[{"embeddable":true,"href":"https:\/\/casatomada.es\/carambola\/wp-json\/wp\/v2\/comments?post=93"}],"version-history":[{"count":6,"href":"https:\/\/casatomada.es\/carambola\/wp-json\/wp\/v2\/pages\/93\/revisions"}],"predecessor-version":[{"id":748,"href":"https:\/\/casatomada.es\/carambola\/wp-json\/wp\/v2\/pages\/93\/revisions\/748"}],"wp:attachment":[{"href":"https:\/\/casatomada.es\/carambola\/wp-json\/wp\/v2\/media?parent=93"}],"curies":[{"name":"wp","href":"https:\/\/api.w.org\/{rel}","templated":true}]}}